{"id":796,"date":"2020-07-21T13:33:47","date_gmt":"2020-07-21T11:33:47","guid":{"rendered":"https:\/\/web.unipd.it\/prenotazioniservizi\/?page_id=796"},"modified":"2022-09-28T10:38:07","modified_gmt":"2022-09-28T08:38:07","slug":"incontri-orientamento","status":"publish","type":"page","link":"https:\/\/web.unipd.it\/prenotazioniservizi\/incontri-orientamento\/","title":{"rendered":"Incontri individuali di orientamento e ri-orientamento"},"content":{"rendered":"<div id=\"themify_builder_content-796\" data-postid=\"796\" class=\"themify_builder_content themify_builder_content-796 themify_builder\">\n    \t<!-- module_row -->\n\t<div  class=\"themify_builder_row module_row clearfix module_row_0 themify_builder_796_row module_row_796-0 tb_0m41102\">\n\t    \t    <div class=\"row_inner col_align_top\" >\n\t\t\t<div  class=\"module_column tb-column col-full first tb_796_column module_column_0 module_column_796-0-0 tb_m38q102\" >\n\t    \t    \t        <div class=\"tb-column-inner\">\n\t\t    \t<div  class=\"themify_builder_sub_row module_subrow clearfix repeat sub_row_0-0-0 tb_4xld408\" >\n\t    \t    <div class=\"subrow_inner col_align_top\" >\n\t\t\t<div  class=\"col2-1 sub_column module_column first sub_column_post_796 sub_column_0-0-0-0 tb_1u4a409\"> \n\t    \t    \t        <div class=\"tb-column-inner\">\n\t\t    \n\n    <!-- module image -->\n    <div  class=\"module module-image image-796-sub_row_0-0-0-0-0 rounded image-top   tb_v2hu592\">\n                <div class=\"image-wrap\">\n                            <img loading=\"lazy\" decoding=\"async\" width=\"1200\" height=\"800\" src=\"https:\/\/web.unipd.it\/prenotazioniservizi\/wp-content\/uploads\/2020\/07\/AdobeStock_278528629.jpeg\" class=\" wp-post-image wp-image-807\" alt=\"incontro individuale di orientamento\" srcset=\"https:\/\/web.unipd.it\/prenotazioniservizi\/wp-content\/uploads\/2020\/07\/AdobeStock_278528629.jpeg 1200w, https:\/\/web.unipd.it\/prenotazioniservizi\/wp-content\/uploads\/2020\/07\/AdobeStock_278528629-300x200.jpeg 300w, https:\/\/web.unipd.it\/prenotazioniservizi\/wp-content\/uploads\/2020\/07\/AdobeStock_278528629-1024x683.jpeg 1024w, https:\/\/web.unipd.it\/prenotazioniservizi\/wp-content\/uploads\/2020\/07\/AdobeStock_278528629-768x512.jpeg 768w\" sizes=\"(max-width: 1200px) 100vw, 1200px\" \/>            \n                        <\/div>\n            <!-- \/image-wrap -->\n        \n        \n        <\/div>\n    <!-- \/module image -->\n\n\t        <\/div>\n\t    \t<\/div>\n\t\t<div  class=\"col2-1 sub_column module_column last sub_column_post_796 sub_column_0-0-0-1 tb_03yu409\"> \n\t    \t    \t        <div class=\"tb-column-inner\">\n\t\t    \n\n<!-- module text -->\n<div  class=\"module module-text text-796-sub_row_0-0-0-1-0     tb_wn4x439\">\n        <div  class=\"tb_text_wrap\">\n    <p><span style=\"font-weight: 400;\">Costituiscono uno <\/span><b>spazio di confronto e riflessione<\/b><span style=\"font-weight: 400;\"> con spunti utili per compiere o ripensare la propria scelta in modo autonomo e consapevole. Si propongono come un momento di accompagnamento e supporto nella progettazione di un percorso individuale in sintonia con le caratteristiche personali e le aspettative per il futuro.<\/span><\/p>\n<p><strong>Puoi prenotare il tuo appuntamento tra quelli di seguito disponibili:<\/strong><\/p>\n<p><strong>-in PRESENZA\u00a0 presso l\u2019<a href=\"https:\/\/goo.gl\/maps\/CctpQNxqCvaYiLcR7\">ufficio <\/a>nei giorni di luned\u00ec, marted\u00ec, mercoled\u00ec e venerd\u00ec <\/strong><\/p>\n<p><strong>-ONLINE tramite videochiamata Zoom\u00a0 tutti i giorni dal luned\u00ec al venerd\u00ec.<\/strong><\/p>\n<p>Il calendario degli appuntamenti disponibili viene aggiornato mensilmente.<\/p>\n<p><span style=\"font-weight: 400;\">Per\u00a0<\/span><b>informazioni\u00a0<\/b><span style=\"font-weight: 400;\">su corsi di laurea, preimmatricolazioni, avvisi di ammissione e trasferimenti ad altro corso, \u00e8 possibile invece rivolgersi\u00a0<\/span><a href=\"https:\/\/www.unipd.it\/accoglienza-orientamento\" target=\"_blank\" rel=\"noopener\"><span style=\"font-weight: 400;\">allo\u00a0sportello di accoglienza<\/span><\/a><span style=\"font-weight: 400;\"> \u00a0del Settore Orientamento e Tutorato o al <\/span><a href=\"https:\/\/www.unipd.it\/callcentre\" target=\"_blank\" rel=\"noopener\"><span style=\"font-weight: 400;\">Call centre di Ateneo<\/span><\/a><span style=\"font-weight: 400;\">, che fornisce indicazioni o indirizza all\u2019ufficio pi\u00f9 adatto.\u00a0<\/span><\/p>\n<!--\nPlugin Name: Bookly \u2013 Responsive WordPress Appointment Booking and Scheduling Plugin\nPlugin URI: https:\/\/www.booking-wp-plugin.com\/?utm_source=bookly_admin&utm_medium=plugins_page&utm_campaign=plugins_page\nVersion: 24.0-->\n    <style type=\"text\/css\">\n        :root {\n            --bookly-main-color: #af1f1f !important;\n        }\n\n        .bookly-form .fill-bookly {\n            fill: #af1f1f;\n        }\n\n        \/* Color *\/\n        .bookly-form .bookly-form-group > label,\n        .bookly-form .bookly-label-error,\n        .bookly-form .bookly-progress-tracker > .active,\n        .bookly-form .bookly-columnizer .bookly-hour span.bookly-waiting-list,\n        .bookly-form .hover\\:text-bookly:hover,\n        .bookly-form .text-bookly:not(:hover),\n        .bookly-form .hover\\:text-bookly:hover {\n            color: #af1f1f !important;\n        }\n\n        \/* Background *\/\n        .bookly-form .bookly-progress-tracker > .active .step,\n        .bookly-form .bookly-columnizer .bookly-hour:active .bookly-hour-icon span,\n        .bookly-form .bookly-btn,\n        .bookly-form .bookly-btn:active,\n        .bookly-form .bookly-btn:focus,\n        .bookly-form .bookly-btn:hover,\n        .bookly-form .bookly-btn-submit,\n        .bookly-form .bookly-round,\n        .bookly-form .bookly-square,\n        .bookly-form .bookly-pagination > li.active,\n        .bookly-form .bg-bookly,\n        .bookly-form .hover\\:bg-bookly:hover,\n        .bookly-form .bg-bookly-not-hover:not(:hover) {\n            background-color: #af1f1f !important;\n        }\n\n        .bookly-form .bookly-triangle {\n            border-bottom-color: #af1f1f !important;\n        }\n\n        \/* Border *\/\n        .bookly-form input[type=\"text\"].bookly-error,\n        .bookly-form input[type=\"password\"].bookly-error,\n        .bookly-form select.bookly-error,\n        .bookly-form textarea.bookly-error,\n        .bookly-form .bookly-week-days.bookly-error,\n        .bookly-extra-step div.bookly-extras-thumb.bookly-extras-selected {\n            border: 2px solid #af1f1f !important;\n        }\n\n        \/* Other *\/\n        .bookly-form .bookly-columnizer .bookly-day, .bookly-form .bookly-schedule-date {\n            background: #af1f1f !important;\n            border: 1px solid #af1f1f !important;\n        }\n\n        .bookly-form .bookly-pagination > li.active a {\n            border: 1px solid #af1f1f !important;\n        }\n\n        .bookly-form .bookly-columnizer .bookly-hour:active {\n            border: 2px solid #af1f1f !important;\n            color: #af1f1f !important;\n        }\n\n        .bookly-form .bookly-columnizer .bookly-hour:active .bookly-hour-icon {\n            background: none;\n            border: 2px solid #af1f1f !important;\n            color: #af1f1f !important;\n            width: auto;\n            height: auto;\n            padding: 3px;\n            border-radius: 25px;\n            margin-right: 3px;\n        }\n\n        .bookly-form .bookly-columnizer .bookly-hour:active .bookly-hour-icon span {\n            background-color: #af1f1f !important;\n            width: 8px;\n            height: 8px;\n            border-radius: 10px;\n            display: block;\n        }\n\n        @media (hover) {\n            .bookly-form .bookly-columnizer .bookly-hour:hover {\n                border: 2px solid #af1f1f !important;\n                color: #af1f1f !important;\n            }\n\n            .bookly-form .bookly-columnizer .bookly-hour:hover .bookly-hour-icon {\n                background: none;\n                border: 2px solid #af1f1f !important;\n                color: #af1f1f !important;\n            }\n\n            .bookly-form .bookly-columnizer .bookly-hour:hover .bookly-hour-icon span {\n                background-color: #af1f1f !important;\n            }\n        }\n    <\/style>\n\n<div id=\"bookly-form-69d181bd18da0\" class=\"bookly-form bookly-tailwind-container\" data-form_id=\"69d181bd18da0\" aria-live=\"polite\">\n    <div style=\"text-align: center\"><img decoding=\"async\" src=\"https:\/\/web.unipd.it\/prenotazioniservizi\/wp-includes\/js\/tinymce\/skins\/lightgray\/img\/loader.gif\" alt=\"Caricamento in corso\u2026\"\/><\/div>\n<\/div>\n    <div class=\"powered-by-bookly\">Powered by        <a href=\"https:\/\/www.booking-wp-plugin.com\/?utm_source=referral&utm_medium=booking_widget\" target=\"_blank\">Bookly<\/a> \u2014\n        <a href=\"https:\/\/www.booking-wp-plugin.com\/?utm_source=referral&utm_medium=booking_widget\" target=\"_blank\">WordPress Booking Plugin<\/a>\n    <\/div>\n<script type=\"text\/javascript\">\n    (function (win, fn) {\n        var done = false, top = true,\n            doc = win.document,\n            root = doc.documentElement,\n            modern = doc.addEventListener,\n            add = modern ? 'addEventListener' : 'attachEvent',\n            rem = modern ? 'removeEventListener' : 'detachEvent',\n            pre = modern ? '' : 'on',\n            init = function (e) {\n                if (e.type == 'readystatechange') if (doc.readyState != 'complete') return;\n                (e.type == 'load' ? win : doc)[rem](pre + e.type, init, false);\n                if (!done) {\n                    done = true;\n                    fn.call(win, e.type || e);\n                }\n            },\n            poll = function () {\n                try {\n                    root.doScroll('left');\n                } catch (e) {\n                    setTimeout(poll, 50);\n                    return;\n                }\n                init('poll');\n            };\n        if (doc.readyState == 'complete') fn.call(win, 'lazy');\n        else {\n            if (!modern) if (root.doScroll) {\n                try {\n                    top = !win.frameElement;\n                } catch (e) {\n                }\n                if (top) poll();\n            }\n            doc[add](pre + 'DOMContentLoaded', init, false);\n            doc[add](pre + 'readystatechange', init, false);\n            win[add](pre + 'load', init, false);\n        }\n    })(window, function () {\n        window.bookly( {\"form_id\":\"69d181bd18da0\",\"status\":{\"booking\":\"new\"},\"skip_steps\":{\"service_part1\":0,\"service_part2\":1,\"extras\":1,\"time\":0,\"repeat\":1,\"cart\":1},\"errors\":{\"session_error\":\"Errore di sessione.\",\"form_id_error\":\"Errore ID modulo.\",\"cart_item_not_available\":\"La fascia oraria selezionata non \\u00e8 pi\\u00f9 disponibile. Per favore seleziona un altro orario.\",\"pay_locally_not_available\":\"Pagamento in loco non \\u00e8 disponibile.\",\"invalid_gateway\":\"Gateway non valido.\",\"payment_error\":\"Errore.\",\"incorrect_username_password\":\"Nome utente o password non corrette.\"},\"form_attributes\":{\"hide_categories\":true,\"hide_services\":false,\"hide_staff_members\":true,\"show_number_of_persons\":false,\"hide_service_duration\":true,\"hide_locations\":true,\"hide_quantity\":true,\"hide_date\":true,\"hide_week_days\":true,\"hide_time_range\":true,\"const_category_id\":7},\"use_client_time_zone\":0,\"defaults\":{\"service_id\":0,\"staff_id\":7,\"location_id\":0,\"category_id\":7},\"datepicker_mode\":\"text-accent\",\"facebook\":{\"enabled\":0,\"appId\":\"\"}} );\n    });\n<\/script>    <\/div>\n<\/div>\n<!-- \/module text -->\n\n\t        <\/div>\n\t    \t<\/div>\n\t\t    <\/div>\n\t<\/div><!-- \/themify_builder_sub_row -->\n\t\t        <\/div>\n\t    \t<\/div>\n\t\t    <\/div>\n\t    <!-- \/row_inner -->\n\t<\/div>\n\t<!-- \/module_row -->\n\t<\/div>\n","protected":false},"excerpt":{"rendered":"<p>Costituiscono uno spazio di confronto e riflessione con spunti utili per compiere o ripensare la propria scelta in modo autonomo e consapevole. Si propongono come un momento di accompagnamento e supporto nella progettazione di un percorso individuale in sintonia con le caratteristiche personali e le aspettative per il futuro. Puoi prenotare il tuo appuntamento tra [&hellip;]<\/p>\n","protected":false},"author":1,"featured_media":0,"parent":0,"menu_order":0,"comment_status":"closed","ping_status":"closed","template":"","meta":{"footnotes":""},"class_list":["post-796","page","type-page","status-publish","hentry","has-post-title","has-post-date","has-post-category","has-post-tag","has-post-comment","has-post-author",""],"_links":{"self":[{"href":"https:\/\/web.unipd.it\/prenotazioniservizi\/wp-json\/wp\/v2\/pages\/796"}],"collection":[{"href":"https:\/\/web.unipd.it\/prenotazioniservizi\/wp-json\/wp\/v2\/pages"}],"about":[{"href":"https:\/\/web.unipd.it\/prenotazioniservizi\/wp-json\/wp\/v2\/types\/page"}],"author":[{"embeddable":true,"href":"https:\/\/web.unipd.it\/prenotazioniservizi\/wp-json\/wp\/v2\/users\/1"}],"replies":[{"embeddable":true,"href":"https:\/\/web.unipd.it\/prenotazioniservizi\/wp-json\/wp\/v2\/comments?post=796"}],"version-history":[{"count":22,"href":"https:\/\/web.unipd.it\/prenotazioniservizi\/wp-json\/wp\/v2\/pages\/796\/revisions"}],"predecessor-version":[{"id":10972,"href":"https:\/\/web.unipd.it\/prenotazioniservizi\/wp-json\/wp\/v2\/pages\/796\/revisions\/10972"}],"wp:attachment":[{"href":"https:\/\/web.unipd.it\/prenotazioniservizi\/wp-json\/wp\/v2\/media?parent=796"}],"curies":[{"name":"wp","href":"https:\/\/api.w.org\/{rel}","templated":true}]}}