{"id":9126,"date":"2024-10-02T12:10:00","date_gmt":"2024-10-02T10:10:00","guid":{"rendered":"https:\/\/web.unipd.it\/international\/?page_id=9126"},"modified":"2026-04-14T17:21:56","modified_gmt":"2026-04-14T15:21:56","slug":"meet-unipd","status":"publish","type":"page","link":"https:\/\/web.unipd.it\/international\/meet-unipd\/","title":{"rendered":"Meet UNIPD events"},"content":{"rendered":"<div id=\"themify_builder_content-9126\" data-postid=\"9126\" class=\"themify_builder_content themify_builder_content-9126 themify_builder\">\n    \t<!-- module_row -->\n\t<div  class=\"themify_builder_row module_row clearfix fullwidth_row_container module_row_0 themify_builder_9126_row module_row_9126-0 tb_rd1f535\">\n\t    \t    <div class=\"row_inner col_align_top\" >\n\t\t\t<div  class=\"module_column tb-column col-full first tb_9126_column module_column_0 module_column_9126-0-0 tb_lcs9537\" >\n\t    \t    \t        <div class=\"tb-column-inner\">\n\t\t    \n\n    <!-- module divider -->\n    <div  class=\"module module-divider divider-9126-0-0-0 solid     tb_xzht655\" style=\"border-width: 2px;border-color: #9b0013;\">\n            <\/div>\n    <!-- \/module divider -->\n\n\n\n<!-- module text -->\n<div  class=\"module module-text text-9126-0-0-1     tb_cbz5945\">\n        <div  class=\"tb_text_wrap\">\n    <p><a href=\"https:\/\/web.unipd.it\/international\/\" data-wplink-edit=\"true\"><strong>< HOME<\/strong><\/a><\/p>    <\/div>\n<\/div>\n<!-- \/module text -->\n\n\n\n<!-- module text -->\n<div  class=\"module module-text text-9126-0-0-2     tb_7hwp698\">\n        <div  class=\"tb_text_wrap\">\n    <h1 style=\"text-align: center;\">Meet UNIPD<\/h1>    <\/div>\n<\/div>\n<!-- \/module text -->\n\n\n\n<!-- module text -->\n<div  class=\"module module-text text-9126-0-0-3     tb_b37r201\">\n        <div  class=\"tb_text_wrap\">\n    <p style=\"text-align: center;\">In this page you will find a list of our upcoming <strong>Meet UNIPD<\/strong> webinars.<\/p>\n<p style=\"text-align: center;\">If you have any questions or if you want to know more about our University, we invite you to join these free webinars.<br \/>We will present the <strong>University of Padua<\/strong> and explain everything there is to know about applying, scholarships, fees, and student services.<\/p>\n<p style=\"text-align: center;\">Check out the full schedule below and register to join our <strong>Meet UNIPD<\/strong> webinars!<\/p>    <\/div>\n<\/div>\n<!-- \/module text -->\n\n\t        <\/div>\n\t    \t<\/div>\n\t\t    <\/div>\n\t    <!-- \/row_inner -->\n\t<\/div>\n\t<!-- \/module_row -->\n\t\t<!-- module_row -->\n\t<div  class=\"themify_builder_row module_row clearfix module_row_2 themify_builder_9126_row module_row_9126-2 tb_p7l0276\">\n\t    \t    <div class=\"row_inner col_align_top\" >\n\t\t\t<div  class=\"module_column tb-column col4-2 first tb_9126_column module_column_0 module_column_9126-2-0 tb_k6gl276\" >\n\t    \t    \t        <div class=\"tb-column-inner\">\n\t\t    \n\n    <!-- module box -->\n    <div  class=\"module module-box box-9126-2-0-0   tb_ub4w276\">\n                <div class=\"module-box-content ui   repeat\">\n\t    <div class=\"tb_text_wrap\"><h1 style=\"text-align: left;\">\ud83c\uddec\ud83c\udde7<\/h1>\n<h2 style=\"text-align: center;\">USA and Canada<\/h2>\n<h3 style=\"text-align: center;\">2 March 2026<\/h3>\n<h3 style=\"text-align: center;\">17:00 (5 PM) Eastern Time EST<\/h3>\n<p><a href=\"https:\/\/unipd.zoom.us\/webinar\/register\/WN_nMa5lemERayIZhdZcQw-fw\"><img data-recalc-dims=\"1\" loading=\"lazy\" decoding=\"async\" class=\"alignnone size-full wp-image-4235 aligncenter\" src=\"https:\/\/i0.wp.com\/web.unipd.it\/international\/wp-content\/uploads\/2022\/08\/register-1.png?resize=189%2C70&#038;ssl=1\" alt=\"\" width=\"189\" height=\"70\" \/><\/a><\/p>\n<p style=\"text-align: center;\">This meeting is held in English<\/p><\/div>\n        <\/div>\n    <\/div>\n    <!-- \/module box -->\n\n\n\n    <!-- module box -->\n    <div  class=\"module module-box box-9126-2-0-1   tb_wtlv277\">\n                <div class=\"module-box-content ui   repeat\">\n\t    <div class=\"tb_text_wrap\"><h1 style=\"text-align: left;\">\ud83c\uddec\ud83c\udde7<\/h1>\n<h2 style=\"text-align: center;\">Russia and Central Asia<\/h2>\n<h3 style=\"text-align: center;\">4 March 2026<\/h3>\n<h3 style=\"text-align: center;\">13:00 (1 PM) Italian Time<\/h3>\n<p><a href=\"https:\/\/unipd.zoom.us\/webinar\/register\/WN_DmqIILWYRJ2oDFAHJJ-cjw\"><img data-recalc-dims=\"1\" loading=\"lazy\" decoding=\"async\" class=\"alignnone size-full wp-image-4235 aligncenter\" src=\"https:\/\/i0.wp.com\/web.unipd.it\/international\/wp-content\/uploads\/2022\/08\/register-1.png?resize=189%2C70&#038;ssl=1\" alt=\"\" width=\"189\" height=\"70\" \/><\/a><\/p>\n<p style=\"text-align: center;\">This meeting is held in English<\/p><\/div>\n        <\/div>\n    <\/div>\n    <!-- \/module box -->\n\n\n\n    <!-- module box -->\n    <div  class=\"module module-box box-9126-2-0-2   tb_z3of277\">\n                <div class=\"module-box-content ui   repeat\">\n\t    <div class=\"tb_text_wrap\"><h1 style=\"text-align: left;\">\ud83c\uddec\ud83c\udde7<\/h1>\n<h2 style=\"text-align: center;\">Africa and Middle East<\/h2>\n<h3 style=\"text-align: center;\">9 March 2026<\/h3>\n<h3 style=\"text-align: center;\">15:30 (3.30 PM) Italian Time<\/h3>\n<p><a href=\"https:\/\/unipd.zoom.us\/webinar\/register\/WN_3fUlrvW_S7m50IbEcvXBjA\"><img data-recalc-dims=\"1\" loading=\"lazy\" decoding=\"async\" class=\"alignnone size-full wp-image-4235 aligncenter\" src=\"https:\/\/i0.wp.com\/web.unipd.it\/international\/wp-content\/uploads\/2022\/08\/register-1.png?resize=189%2C70&#038;ssl=1\" alt=\"\" width=\"189\" height=\"70\" \/><\/a><\/p>\n<p style=\"text-align: center;\">This meeting is held in English<\/p><\/div>\n        <\/div>\n    <\/div>\n    <!-- \/module box -->\n\n\n\n    <!-- module box -->\n    <div  class=\"module module-box box-9126-2-0-3   tb_fa4o277\">\n                <div class=\"module-box-content ui   repeat\">\n\t    <div class=\"tb_text_wrap\"><h1 style=\"text-align: left;\"><span class=\"emoji emoji-large\">\ud83c\uddee\ud83c\uddf9<\/span><\/h1>\n<h2 style=\"text-align: center;\">Studia in italiano!<\/h2>\n<h3 style=\"text-align: center;\">10 Marzo 2026<br \/>16:00 (4 PM) ora italiana<\/h3>\n<p><a href=\"https:\/\/unipd.zoom.us\/webinar\/register\/WN_2dl0oXywS1evK-xpXdTdXQ\"><img data-recalc-dims=\"1\" loading=\"lazy\" decoding=\"async\" class=\"alignnone size-full wp-image-4235 aligncenter\" src=\"https:\/\/i0.wp.com\/web.unipd.it\/international\/wp-content\/uploads\/2022\/08\/register-1.png?resize=189%2C70&#038;ssl=1\" alt=\"\" width=\"189\" height=\"70\" \/><\/a><\/p>\n<p style=\"text-align: center;\">Questo meeting si terr\u00e0 in italiano<\/p><\/div>\n        <\/div>\n    <\/div>\n    <!-- \/module box -->\n\n\t        <\/div>\n\t    \t<\/div>\n\t\t<div  class=\"module_column tb-column col4-2 last tb_9126_column module_column_1 module_column_9126-2-1 tb_qswf277\" >\n\t    \t    \t        <div class=\"tb-column-inner\">\n\t\t    \n\n    <!-- module box -->\n    <div  class=\"module module-box box-9126-2-1-0   tb_wf5j277\">\n                <div class=\"module-box-content ui   repeat\">\n\t    <div class=\"tb_text_wrap\"><h1 style=\"text-align: left;\">\ud83c\uddea\ud83c\uddf8<\/h1>\n<h2 style=\"text-align: center;\">Am\u00e9rica Latina<\/h2>\n<h3 style=\"text-align: center;\">4 Marzo 2026<\/h3>\n<h3 style=\"text-align: center;\">18:00 (5 PM) Hora de M\u00e9xico<\/h3>\n<p><a href=\"https:\/\/unipd.zoom.us\/webinar\/register\/WN_72dBbYfuTgmkbnDUOLOhkg\"><img data-recalc-dims=\"1\" loading=\"lazy\" decoding=\"async\" class=\"alignnone size-full wp-image-4235 aligncenter\" src=\"https:\/\/i0.wp.com\/web.unipd.it\/international\/wp-content\/uploads\/2022\/08\/register-1.png?resize=189%2C70&#038;ssl=1\" alt=\"\" width=\"189\" height=\"70\" \/><\/a><\/p>\n<p style=\"text-align: center;\">Esta reuni\u00f3n se realiza en espa\u00f1ol.<\/p><\/div>\n        <\/div>\n    <\/div>\n    <!-- \/module box -->\n\n\n\n    <!-- module box -->\n    <div  class=\"module module-box box-9126-2-1-1   tb_rtca278\">\n                <div class=\"module-box-content ui   repeat\">\n\t    <div class=\"tb_text_wrap\"><h1 style=\"text-align: left;\">\ud83c\uddec\ud83c\udde7<\/h1>\n<h2 style=\"text-align: center;\">Europe<\/h2>\n<h3 style=\"text-align: center;\">9 March 2026<\/h3>\n<h3 style=\"text-align: center;\">14:00 (2 PM) Italian Time<\/h3>\n<p><a href=\"https:\/\/unipd.zoom.us\/webinar\/register\/WN_wr8DKyRfQTKq1hsYB93DPw\"><img data-recalc-dims=\"1\" loading=\"lazy\" decoding=\"async\" class=\"alignnone size-full wp-image-4235 aligncenter\" src=\"https:\/\/i0.wp.com\/web.unipd.it\/international\/wp-content\/uploads\/2022\/08\/register-1.png?resize=189%2C70&#038;ssl=1\" alt=\"\" width=\"189\" height=\"70\" \/><\/a><\/p>\n<p style=\"text-align: center;\">This meeting is held in English<\/p><\/div>\n        <\/div>\n    <\/div>\n    <!-- \/module box -->\n\n\n\n    <!-- module box -->\n    <div  class=\"module module-box box-9126-2-1-2   tb_33cz278\">\n                <div class=\"module-box-content ui   repeat\">\n\t    <div class=\"tb_text_wrap\"><h1 style=\"text-align: left;\">\ud83c\uddec\ud83c\udde7<\/h1>\n<h2 style=\"text-align: center;\">South and East Asia<\/h2>\n<h3 style=\"text-align: center;\">10 March 2026<\/h3>\n<h3 style=\"text-align: center;\">11:00 (11 AM) Italian Time<\/h3>\n<p><a href=\"https:\/\/unipd.zoom.us\/webinar\/register\/WN_Guwa2yE-RgKk5W49Nd75Ig\"><img data-recalc-dims=\"1\" loading=\"lazy\" decoding=\"async\" class=\"alignnone size-full wp-image-4235 aligncenter\" src=\"https:\/\/i0.wp.com\/web.unipd.it\/international\/wp-content\/uploads\/2022\/08\/register-1.png?resize=189%2C70&#038;ssl=1\" alt=\"\" width=\"189\" height=\"70\" \/><\/a><\/p>\n<p style=\"text-align: center;\">This meeting will be held in English<\/p><\/div>\n        <\/div>\n    <\/div>\n    <!-- \/module box -->\n\n\n\n    <!-- module box -->\n    <div  class=\"module module-box box-9126-2-1-3   tb_667s278\">\n                <div class=\"module-box-content ui   repeat\">\n\t    <div class=\"tb_text_wrap\"><h1 style=\"text-align: left;\">\ud83c\udde7\ud83c\uddf7<\/h1>\n<h2 style=\"text-align: center;\">Brasil<\/h2>\n<h3 style=\"text-align: center;\">25 Marzo 2026<\/h3>\n<h3 style=\"text-align: center;\">18:00 (6PM) Hora de Brasilia<\/h3>\n<p><a href=\"https:\/\/unipd.zoom.us\/webinar\/register\/WN_gf-VvqMXRgyZZ1QLOCF5SA\"><img data-recalc-dims=\"1\" loading=\"lazy\" decoding=\"async\" class=\"alignnone size-full wp-image-4235 aligncenter\" src=\"https:\/\/i0.wp.com\/web.unipd.it\/international\/wp-content\/uploads\/2022\/08\/register-1.png?resize=189%2C70&#038;ssl=1\" alt=\"\" width=\"189\" height=\"70\" \/><\/a><\/p>\n<p style=\"text-align: center;\">Esta reuni\u00e3o \u00e9 realizada em portugu\u00eas.<\/p><\/div>\n        <\/div>\n    <\/div>\n    <!-- \/module box -->\n\n\t        <\/div>\n\t    \t<\/div>\n\t\t    <\/div>\n\t    <!-- \/row_inner -->\n\t<\/div>\n\t<!-- \/module_row -->\n\t\t<!-- module_row -->\n\t<div  class=\"themify_builder_row module_row clearfix module_row_5 themify_builder_9126_row module_row_9126-5 tb_rzl9714\">\n\t    \t    <div class=\"row_inner col_align_top\" >\n\t\t\t<div  class=\"module_column tb-column col-full first tb_9126_column module_column_0 module_column_9126-5-0 tb_wvvc715\" >\n\t    \t    \t        <div class=\"tb-column-inner\">\n\t\t    \n\n<!-- module text -->\n<div  class=\"module module-text text-9126-5-0-0     tb_9qo0471\">\n        <div  class=\"tb_text_wrap\">\n    <p style=\"text-align: center;\">We look forward to seeing you at our webinars!<\/p>\n<p style=\"text-align: center;\">While you wait, watch our video and <a href=\"https:\/\/web.unipd.it\/international\/wp-content\/uploads\/2024\/01\/StudyWithUs_2024_Finale_compressed.pdf\">download our brochure<\/a>.<\/p>    <\/div>\n<\/div>\n<!-- \/module text -->\n\n\n\n\n    <!-- module video -->\n    <div  class=\"module module-video video-9126-5-0-1 video-overlay    tb_p7ol918\">\n                <div class=\"video-wrap\" style=\"max-width:1200px;\">\n\t    <iframe loading=\"lazy\" title=\"Inspiring global change since 1222\" width=\"1165\" height=\"655\" src=\"https:\/\/www.youtube.com\/embed\/vm-Kivn7v94?feature=oembed\"  allow=\"accelerometer; autoplay; clipboard-write; encrypted-media; gyroscope; picture-in-picture; web-share\" referrerpolicy=\"strict-origin-when-cross-origin\" allowfullscreen><\/iframe>        <\/div>\n        <!-- \/video-wrap -->\n\n            <\/div>\n    <!-- \/module video -->\n    \n\t        <\/div>\n\t    \t<\/div>\n\t\t    <\/div>\n\t    <!-- \/row_inner -->\n\t<\/div>\n\t<!-- \/module_row -->\n\t<\/div>\n","protected":false},"excerpt":{"rendered":"<p>&lt; HOME Meet UNIPD In this page you will find a list of our upcoming Meet UNIPD webinars. If you have any questions or if you want to know more about our University, we invite you to join these free webinars.We will present the University of Padua and explain everything there is to know about [&hellip;]<\/p>\n","protected":false},"author":24,"featured_media":0,"parent":0,"menu_order":0,"comment_status":"closed","ping_status":"closed","template":"","meta":{"footnotes":""},"class_list":["post-9126","page","type-page","status-publish","hentry","has-post-title","has-post-date","has-post-category","has-post-tag","has-post-comment","has-post-author",""],"jetpack_sharing_enabled":true,"_links":{"self":[{"href":"https:\/\/web.unipd.it\/international\/wp-json\/wp\/v2\/pages\/9126","targetHints":{"allow":["GET"]}}],"collection":[{"href":"https:\/\/web.unipd.it\/international\/wp-json\/wp\/v2\/pages"}],"about":[{"href":"https:\/\/web.unipd.it\/international\/wp-json\/wp\/v2\/types\/page"}],"author":[{"embeddable":true,"href":"https:\/\/web.unipd.it\/international\/wp-json\/wp\/v2\/users\/24"}],"replies":[{"embeddable":true,"href":"https:\/\/web.unipd.it\/international\/wp-json\/wp\/v2\/comments?post=9126"}],"version-history":[{"count":29,"href":"https:\/\/web.unipd.it\/international\/wp-json\/wp\/v2\/pages\/9126\/revisions"}],"predecessor-version":[{"id":11200,"href":"https:\/\/web.unipd.it\/international\/wp-json\/wp\/v2\/pages\/9126\/revisions\/11200"}],"wp:attachment":[{"href":"https:\/\/web.unipd.it\/international\/wp-json\/wp\/v2\/media?parent=9126"}],"curies":[{"name":"wp","href":"https:\/\/api.w.org\/{rel}","templated":true}]}}