{"id":9777,"date":"2025-04-16T12:42:41","date_gmt":"2025-04-16T10:42:41","guid":{"rendered":"https:\/\/web.unipd.it\/international\/?page_id=9777"},"modified":"2026-03-04T15:12:15","modified_gmt":"2026-03-04T14:12:15","slug":"orientamento-4","status":"publish","type":"page","link":"https:\/\/web.unipd.it\/international\/it\/faq-mobility\/orientamento-4\/","title":{"rendered":"Which mobility is right for me?"},"content":{"rendered":"<div id=\"themify_builder_content-9777\" data-postid=\"9777\" class=\"themify_builder_content themify_builder_content-9777 themify_builder\">\n    \t<!-- module_row -->\n\t<div  class=\"themify_builder_row module_row clearfix module_row_0 themify_builder_9777_row module_row_9777-0 tb_rt5a272\">\n\t    \t    <div class=\"row_inner col_align_top\" >\n\t\t\t<div  class=\"module_column tb-column col-full first tb_9777_column module_column_0 module_column_9777-0-0 tb_fe5f274\" >\n\t    \t    \t        <div class=\"tb-column-inner\">\n\t\t    \n\n    <!-- module menu -->\n    <div  class=\"module module-menu menu-9777-0-0-0   tb_b3lh373 mobile-menu-slide tb-align-right\" data-menu-style=\"mobile-menu-slide\" data-element-id=\"tb_b3lh373\">\n        \n        <div class=\"module-menu-container tb-align-right\"><ul id=\"menu-lang-menu-it\" class=\"ui nav fullwidth transparent \"><li id=\"menu-item-wpml-ls-28-it\" class=\"menu-item wpml-ls-slot-28 wpml-ls-item wpml-ls-item-it wpml-ls-current-language wpml-ls-menu-item wpml-ls-last-item menu-item-type-wpml_ls_menu_item menu-item-object-wpml_ls_menu_item menu-item-has-children menu-item-wpml-ls-28-it\"><a href=\"https:\/\/web.unipd.it\/international\/it\/\" role=\"menuitem\"><img data-recalc-dims=\"1\" decoding=\"async\"\n            class=\"wpml-ls-flag\"\n            src=\"https:\/\/i0.wp.com\/web.unipd.it\/international\/wp-content\/plugins\/sitepress-multilingual-cms\/res\/flags\/it.png?w=1165&#038;ssl=1\"\n            alt=\"\"\n            \n            \n    \/><span class=\"wpml-ls-native\" lang=\"it\">Italiano<\/span><\/a>\n<ul class=\"sub-menu\">\n\t<li id=\"menu-item-wpml-ls-28-en\" class=\"menu-item wpml-ls-slot-28 wpml-ls-item wpml-ls-item-en wpml-ls-menu-item wpml-ls-first-item menu-item-type-wpml_ls_menu_item menu-item-object-wpml_ls_menu_item menu-item-wpml-ls-28-en\"><a href=\"https:\/\/web.unipd.it\/international\/\" title=\"Passa a English\" aria-label=\"Passa a English\" role=\"menuitem\"><img data-recalc-dims=\"1\" decoding=\"async\"\n            class=\"wpml-ls-flag\"\n            src=\"https:\/\/i0.wp.com\/web.unipd.it\/international\/wp-content\/plugins\/sitepress-multilingual-cms\/res\/flags\/en.png?w=1165&#038;ssl=1\"\n            alt=\"\"\n            \n            \n    \/><span class=\"wpml-ls-native\" lang=\"en\">English<\/span><\/a><\/li>\n<\/ul>\n<\/li>\n<\/ul><\/div>    <\/div>\n    <!-- \/module menu -->\n\n\n\n<!-- module text -->\n<div  class=\"module module-text text-9777-0-0-1     tb_po6v274\">\n        <div  class=\"tb_text_wrap\">\n    <p><a href=\"https:\/\/web.unipd.it\/international\/faq-mobility\/\"><strong>< HOME MOBILITY<\/strong><\/a><\/p>    <\/div>\n<\/div>\n<!-- \/module text -->\n\n\t        <\/div>\n\t    \t<\/div>\n\t\t    <\/div>\n\t    <!-- \/row_inner -->\n\t<\/div>\n\t<!-- \/module_row -->\n\t\t<!-- module_row -->\n\t<div  class=\"themify_builder_row module_row clearfix module_row_1 themify_builder_9777_row module_row_9777-1 tb_o3rc467\">\n\t    \t    <div class=\"row_inner col_align_top\" >\n\t\t\t<div  class=\"module_column tb-column col4-2 first tb_9777_column module_column_0 module_column_9777-1-0 tb_be38468\" style=\"width: 24.8%\" >\n\t    \t    \t        <div class=\"tb-column-inner\">\n\t\t    \n\n    <!-- module feature -->\n   <div  class=\"module module-feature feature-9777-1-0-0 with-chart layout-icon-top size-custom   tb_2ppe274\">\n        <style type=\"text\/css\">.feature-9777-1-0-0 .module-feature-chart-html5 {\n\t\t\t    box-shadow: inset 0 0 0 3px rgba(0,0,0,.1);\n\t\t\t}\n\t\t\t.feature-9777-1-0-0 .chart-loaded.chart-html5-fill {\n\t\t\t    box-shadow: inset 0 0 0 3px #de5d5d;\n\t\t    }<\/style>\n        \n        <div class=\"module-feature-image\">\n            \n            \n                <div class=\"module-feature-chart-html5\"\n                                         data-progress=\"0\"\n                         data-progress-end=\"100\"\n                         data-size=\"150\"\n                                          >\n                    <div class=\"chart-html5-circle\">\n                                                    <div class=\"chart-html5-mask chart-html5-full\">\n                                <div class=\"chart-html5-fill\"><\/div>\n                            <\/div>\n                            <div class=\"chart-html5-mask chart-html5-half\">\n                                <div class=\"chart-html5-fill\"><\/div>\n                            <\/div>\n                                                <div class=\"chart-html5-inset\">\n\n                            \t\t\t\t\t\t\t\t    \t\t\t\t    <img data-recalc-dims=\"1\" decoding=\"async\" src=\"https:\/\/i0.wp.com\/web.unipd.it\/international\/wp-content\/uploads\/2022\/04\/faq.png?w=1165&#038;ssl=1\" alt=\"\" \/>\n\t\t\t\t                            \n                        <\/div>\n                    <\/div>\n                <\/div>\n\n                        <\/div>\n\n        <div class=\"module-feature-content\">\n\t\t\t\t    <div class=\"tb_text_wrap\">\n\t\t\t    <\/div>\n\t<\/div>\n\n    <\/div>\n    <!-- \/module feature -->\n\n\t        <\/div>\n\t    \t<\/div>\n\t\t<div  class=\"module_column tb-column col4-2 last tb_9777_column module_column_1 module_column_9777-1-1 tb_ax8i658\" style=\"width: 72%\" >\n\t    \t    \t        <div class=\"tb-column-inner\">\n\t\t    \n\n<!-- module text -->\n<div  class=\"module module-text text-9777-1-1-0  repeat   tb_j52h275\">\n        <div  class=\"tb_text_wrap\">\n    <h1 style=\"text-align: left;\"><b>Qual \u00e8 la mobilit\u00e0 giusta per me?<\/b><\/h1>    <\/div>\n<\/div>\n<!-- \/module text -->\n\n\n\n<!-- module text -->\n<div  class=\"module module-text text-9777-1-1-1     tb_knfq275\">\n        <div  class=\"tb_text_wrap\">\n    <p><span style=\"font-weight: 400;\">Per scegliere la mobilit\u00e0 giusta per te, la cosa pi\u00f9 importante \u00e8 definire le tue <\/span><b>priorit\u00e0<\/b><span style=\"font-weight: 400;\"> prima di scegliere una destinazione. La destinazione migliore dipende dal <\/span><b>tuo interesse accademico, competenze linguistiche e preferenze personali.<\/b><\/p>    <\/div>\n<\/div>\n<!-- \/module text -->\n\n\t        <\/div>\n\t    \t<\/div>\n\t\t    <\/div>\n\t    <!-- \/row_inner -->\n\t<\/div>\n\t<!-- \/module_row -->\n\t\t<!-- module_row -->\n\t<div  class=\"themify_builder_row module_row clearfix module_row_2 themify_builder_9777_row module_row_9777-2 tb_ik1j414\">\n\t    \t    <div class=\"row_inner col_align_top\" >\n\t\t\t<div  class=\"module_column tb-column col-full first tb_9777_column module_column_0 module_column_9777-2-0 tb_uu0l242\" >\n\t    \t    \t<\/div>\n\t\t    <\/div>\n\t    <!-- \/row_inner -->\n\t<\/div>\n\t<!-- \/module_row -->\n\t\t<!-- module_row -->\n\t<div  class=\"themify_builder_row module_row clearfix module_row_3 themify_builder_9777_row module_row_9777-3 tb_niv4183\">\n\t    \t    <div class=\"row_inner col_align_top\" >\n\t\t\t<div  class=\"module_column tb-column col-full first tb_9777_column module_column_0 module_column_9777-3-0 tb_ogqh183\" >\n\t    \t    \t        <div class=\"tb-column-inner\">\n\t\t    \n\n    <!-- module box -->\n    <div  class=\"module module-box box-9777-3-0-0   tb_arff415\">\n                <div class=\"module-box-content ui   repeat\">\n\t    <div class=\"tb_text_wrap\"><p><span style=\"font-weight: 400;\">Considera i tuoi <\/span><b>obiettivi accademici<\/b><span style=\"font-weight: 400;\">, che tu stia cercando di frequentare un corso, condurre una ricerca o svolgere un tirocinio. Pensa alla <\/span><b>durata<\/b><span style=\"font-weight: 400;\"> del tuo soggiorno, a breve termine o a lungo termine, e se preferisci rimanere <\/span><b>in o fuori Europa<\/b><span style=\"font-weight: 400;\">. Anche i <\/span><b>requisiti linguistici<\/b><span style=\"font-weight: 400;\"> sono fondamentali: assicurati di sentirti a tuo agio con la lingua della destinazione.<\/span><\/div>\n        <\/div>\n    <\/div>\n    <!-- \/module box -->\n\n\t        <\/div>\n\t    \t<\/div>\n\t\t    <\/div>\n\t    <!-- \/row_inner -->\n\t<\/div>\n\t<!-- \/module_row -->\n\t\t<!-- module_row -->\n\t<div  class=\"themify_builder_row module_row clearfix module_row_4 themify_builder_9777_row module_row_9777-4 tb_702y79\">\n\t    \t    <div class=\"row_inner col_align_top\" >\n\t\t\t<div  class=\"module_column tb-column col-full first tb_9777_column module_column_0 module_column_9777-4-0 tb_m24y80\" >\n\t    \t    \t        <div class=\"tb-column-inner\">\n\t\t    \t<div  class=\"themify_builder_sub_row module_subrow clearfix repeat sub_row_4-0-0 tb_1nw480\" >\n\t    \t    <div class=\"subrow_inner gutter-none col_align_middle\"   data-mobile_dir=\"rtl\">\n\t\t\t<div  class=\"col2-1 sub_column module_column first sub_column_post_9777 sub_column_4-0-0-0 tb_dgj980 repeat\" > \n\t    \t    \t        <div class=\"tb-column-inner\">\n\t\t    \n\n        <!-- module fancy heading -->\n    <div  class=\"module module-fancy-heading fancy-heading-9777-sub_row_4-0-0-0-0   tb_46dz80\">\n        <h2 class=\"fancy-heading tb-align-left\">\n        <span  class=\"main-head\">\n            Quali sono i tipi dei programmi di mobilit\u00e0?        <\/span>\n        <span class=\"sub-head\">\n                    <\/span>\n\n        <\/h2>\n    <\/div>\n    <!-- \/module fancy heading -->\n\n\n\n<!-- module text -->\n<div  class=\"module module-text text-9777-sub_row_4-0-0-0-1     tb_9ww480\">\n        <div  class=\"tb_text_wrap\">\n    <p><span style=\"font-weight: 400;\">Esistono diversi tipi di programmi di mobilit\u00e0, dipendendo dai tuoi obiettivi accademici e personali:<\/span><\/p>\n<ul>\n<li><b>Per studio<\/b><span style=\"font-weight: 400;\">: trascorri alcuni mesi, un semestre o un anno scolastico completo all\u2019estero per frequentare corsi attraverso i diversi programmi di mobilit\u00e0 offerti<\/span><\/li>\n<li><b>Per tirocinio<\/b><span style=\"font-weight: 400;\">: ottieni esperienza professionale all\u2019estero<\/span><\/li>\n<li><b>Per ricerca o per tesi<\/b><span style=\"font-weight: 400;\">: fai ricerca o lavora sulla tua tesi all\u2019estero<\/span><\/li>\n<\/ul>    <\/div>\n<\/div>\n<!-- \/module text -->\n\n\t        <\/div>\n\t    \t<\/div>\n\t\t<div  class=\"col2-1 sub_column module_column last sub_column_post_9777 sub_column_4-0-0-1 tb_3nms80 fullcover\" > \n\t    \t    \t<\/div>\n\t\t    <\/div>\n\t<\/div><!-- \/themify_builder_sub_row -->\n\t\t        <\/div>\n\t    \t<\/div>\n\t\t    <\/div>\n\t    <!-- \/row_inner -->\n\t<\/div>\n\t<!-- \/module_row -->\n\t\t<!-- module_row -->\n\t<div  class=\"themify_builder_row module_row clearfix module_row_5 themify_builder_9777_row module_row_9777-5 tb_0rn4454\">\n\t    \t    <div class=\"row_inner col_align_top\" >\n\t\t\t<div  class=\"module_column tb-column col-full first tb_9777_column module_column_0 module_column_9777-5-0 tb_8ytt454\" >\n\t    \t    \t        <div class=\"tb-column-inner\">\n\t\t    \n\n    <!-- module box -->\n    <div  class=\"module module-box box-9777-5-0-0   tb_01e7630\">\n                <div class=\"module-box-content ui   repeat\">\n\t    <div class=\"tb_text_wrap\"><p><span style=\"font-weight: 400;\">I nostri programmi offrono la possibilit\u00e0 di passare un periodo di studio di <\/span><b>2-12 mesi<\/b><span style=\"font-weight: 400;\"> all\u2019estero, quindi \u00e8 possibile trascorrere un periodo di mobilit\u00e0 lungo o breve all\u2019estero, a seconda della tipologia di mobilit\u00e0 scelta. Oltre alle opzioni di mobilit\u00e0 tradizionali, offriamo anche <\/span><b>opzioni flessibili<\/b><span style=\"font-weight: 400;\"> per soddisfare diverse esigenze, come:<\/span>\n<p><a href=\"https:\/\/www.unipd.it\/bip\"><b>Blended Intensive Programme (BIP)<\/b><\/a><span style=\"font-weight: 400;\">, che combina sia una parte di apprendimento di in presenza e una parte virtuale. La mobilit\u00e0 fisica prevede una durata minima di 5 giorni presso l\u2019universit\u00e0 partner. La durata totale del programma pu\u00f2 variare secondo il formato e gli istituti inclusi.<\/span><\/p>\n<p><a href=\"https:\/\/www.unipd.it\/virtual-international-programme-vip\"><b>Virtual Intensive Programme (VIP)<\/b><\/a><span style=\"font-weight: 400;\">, che \u00e8 completamente online.<\/span><\/p><\/div>\n        <\/div>\n    <\/div>\n    <!-- \/module box -->\n\n\n\n    <!-- module buttons -->\n    <div  class=\"module module-buttons buttons-9777-5-0-1   large solid circle tb_d3go150\">\n        \t<div class=\"module-buttons\">\n                            <div class=\"module-buttons-item  buttons-horizontal\">\n\t\t    \t\t\t<a href=\"https:\/\/web.unipd.it\/international\/it\/faq-mobility\/orientamento-2\/\" class=\"ui builder_button black\" >\n\t\t    \t\t    \t\t\t<span>-> Quali sono le mie opzioni di mobilit\u00e0?<\/span>\n\t\t    \t\t    \t\t\t<\/a>\n\t\t                    <\/div>\n                    <\/div>\n    <\/div>\n    <!-- \/module buttons -->\n\n\t        <\/div>\n\t    \t<\/div>\n\t\t    <\/div>\n\t    <!-- \/row_inner -->\n\t<\/div>\n\t<!-- \/module_row -->\n\t<\/div>\n","protected":false},"excerpt":{"rendered":"<p>#341 (no title) Admissions and Welcome Unit Admitted student Applicant Ask UNIPD &#8211; events Contact form Erasmus Contact form Erasmus Contact form mobility Contact form Ulisse Enrolment desk for international students Events Campus Tour Campus Tour &#8211; Agricultural Campus Tour &#8211; Economics and Political Sciences Campus Tour &#8211; Engineering Campus Tour &#8211; Humanities Campus Tour [&hellip;]<\/p>\n","protected":false},"author":38,"featured_media":0,"parent":7227,"menu_order":0,"comment_status":"closed","ping_status":"closed","template":"","meta":{"footnotes":""},"class_list":["post-9777","page","type-page","status-publish","hentry","has-post-title","has-post-date","has-post-category","has-post-tag","has-post-comment","has-post-author",""],"jetpack_sharing_enabled":true,"_links":{"self":[{"href":"https:\/\/web.unipd.it\/international\/it\/wp-json\/wp\/v2\/pages\/9777","targetHints":{"allow":["GET"]}}],"collection":[{"href":"https:\/\/web.unipd.it\/international\/it\/wp-json\/wp\/v2\/pages"}],"about":[{"href":"https:\/\/web.unipd.it\/international\/it\/wp-json\/wp\/v2\/types\/page"}],"author":[{"embeddable":true,"href":"https:\/\/web.unipd.it\/international\/it\/wp-json\/wp\/v2\/users\/38"}],"replies":[{"embeddable":true,"href":"https:\/\/web.unipd.it\/international\/it\/wp-json\/wp\/v2\/comments?post=9777"}],"version-history":[{"count":41,"href":"https:\/\/web.unipd.it\/international\/it\/wp-json\/wp\/v2\/pages\/9777\/revisions"}],"predecessor-version":[{"id":11102,"href":"https:\/\/web.unipd.it\/international\/it\/wp-json\/wp\/v2\/pages\/9777\/revisions\/11102"}],"up":[{"embeddable":true,"href":"https:\/\/web.unipd.it\/international\/it\/wp-json\/wp\/v2\/pages\/7227"}],"wp:attachment":[{"href":"https:\/\/web.unipd.it\/international\/it\/wp-json\/wp\/v2\/media?parent=9777"}],"curies":[{"name":"wp","href":"https:\/\/api.w.org\/{rel}","templated":true}]}}