{"id":9202,"date":"2024-12-06T14:13:54","date_gmt":"2024-12-06T13:13:54","guid":{"rendered":"https:\/\/web.unipd.it\/international\/?page_id=9202"},"modified":"2025-10-16T13:33:26","modified_gmt":"2025-10-16T11:33:26","slug":"before-applying","status":"publish","type":"page","link":"https:\/\/web.unipd.it\/international\/it\/home\/faq\/before-applying\/","title":{"rendered":"FAQ &#8211; Prima di fare domanda"},"content":{"rendered":"<div id=\"themify_builder_content-9202\" data-postid=\"9202\" class=\"themify_builder_content themify_builder_content-9202 themify_builder\">\n    \t<!-- module_row -->\n\t<div  class=\"themify_builder_row module_row clearfix module_row_0 themify_builder_9202_row module_row_9202-0 tb_yirn904\">\n\t    \t    <div class=\"row_inner col_align_top\" >\n\t\t\t<div  class=\"module_column tb-column col2-1 first tb_9202_column module_column_0 module_column_9202-0-0 tb_zec1905\" style=\"width: 26.8%\" >\n\t    \t    \t        <div class=\"tb-column-inner\">\n\t\t    \n\n<!-- module text -->\n<div  class=\"module module-text text-9202-0-0-0     tb_bj7j422\">\n        <div  class=\"tb_text_wrap\">\n    <p><a href=\"https:\/\/web.unipd.it\/international\/\" data-wplink-edit=\"true\"><strong>< HOME<\/strong><\/a><\/p>    <\/div>\n<\/div>\n<!-- \/module text -->\n\n\n\n    <!-- module menu -->\n    <div  class=\"module module-menu menu-9202-0-0-1   tb_8jhx784 mobile-menu-slide tb-align-left\" data-menu-style=\"mobile-menu-slide\" data-element-id=\"tb_8jhx784\">\n        \n        <div class=\"module-menu-container tb-align-left\"><ul id=\"menu-lang-menu-it\" class=\"ui nav menu-bar  \"><li id=\"menu-item-wpml-ls-28-it\" class=\"menu-item wpml-ls-slot-28 wpml-ls-item wpml-ls-item-it wpml-ls-current-language wpml-ls-menu-item wpml-ls-last-item menu-item-type-wpml_ls_menu_item menu-item-object-wpml_ls_menu_item menu-item-has-children menu-item-wpml-ls-28-it\"><a href=\"https:\/\/web.unipd.it\/international\/it\/\" role=\"menuitem\"><img data-recalc-dims=\"1\" decoding=\"async\"\n            class=\"wpml-ls-flag\"\n            src=\"https:\/\/i0.wp.com\/web.unipd.it\/international\/wp-content\/plugins\/sitepress-multilingual-cms\/res\/flags\/it.png?w=1165&#038;ssl=1\"\n            alt=\"\"\n            \n            \n    \/><span class=\"wpml-ls-native\" lang=\"it\">Italiano<\/span><\/a>\n<ul class=\"sub-menu\">\n\t<li id=\"menu-item-wpml-ls-28-en\" class=\"menu-item wpml-ls-slot-28 wpml-ls-item wpml-ls-item-en wpml-ls-menu-item wpml-ls-first-item menu-item-type-wpml_ls_menu_item menu-item-object-wpml_ls_menu_item menu-item-wpml-ls-28-en\"><a href=\"https:\/\/web.unipd.it\/international\/\" title=\"Passa a English\" aria-label=\"Passa a English\" role=\"menuitem\"><img data-recalc-dims=\"1\" decoding=\"async\"\n            class=\"wpml-ls-flag\"\n            src=\"https:\/\/i0.wp.com\/web.unipd.it\/international\/wp-content\/plugins\/sitepress-multilingual-cms\/res\/flags\/en.png?w=1165&#038;ssl=1\"\n            alt=\"\"\n            \n            \n    \/><span class=\"wpml-ls-native\" lang=\"en\">English<\/span><\/a><\/li>\n<\/ul>\n<\/li>\n<\/ul><\/div>    <\/div>\n    <!-- \/module menu -->\n\n\n\n    <!-- module menu -->\n    <div  class=\"module module-menu menu-9202-0-0-2   tb_eimi522 mobile-menu-slide tb-align-left\" data-menu-style=\"mobile-menu-slide\" data-element-id=\"tb_eimi522\">\n        \n        <div class=\"module-menu-container tb-align-left\"><ul id=\"menu-faq\" class=\"ui nav fullwidth transparent \"><li id=\"menu-item-1928\" class=\"menu-item menu-item-type-post_type menu-item-object-page menu-item-1928\"><a href=\"https:\/\/web.unipd.it\/international\/home\/faq\/before-applying\/\">FAQ &#8211; Prima di fare domanda<\/a><\/li>\n<li id=\"menu-item-1933\" class=\"menu-item menu-item-type-post_type menu-item-object-page menu-item-1933\"><a href=\"https:\/\/web.unipd.it\/international\/home\/faq\/application-platform\/\">FAQ &#8211; Piattaforma di iscrizione<\/a><\/li>\n<li id=\"menu-item-3548\" class=\"menu-item menu-item-type-post_type menu-item-object-page menu-item-3548\"><a href=\"https:\/\/web.unipd.it\/international\/tasks-documents\/\">FAQ &#8211; Tasks e documenti per l&#8217;iscrizione<\/a><\/li>\n<li id=\"menu-item-1932\" class=\"menu-item menu-item-type-post_type menu-item-object-page menu-item-1932\"><a href=\"https:\/\/web.unipd.it\/international\/home\/faq\/admission\/\">FAQ &#8211; Ammissione<\/a><\/li>\n<li id=\"menu-item-1930\" class=\"menu-item menu-item-type-post_type menu-item-object-page menu-item-1930\"><a href=\"https:\/\/web.unipd.it\/international\/visa\/\">FAQ &#8211; Visa<\/a><\/li>\n<\/ul><\/div>    <\/div>\n    <!-- \/module menu -->\n\n\t        <\/div>\n\t    \t<\/div>\n\t\t<div  class=\"module_column tb-column col2-1 last tb_9202_column module_column_1 module_column_9202-0-1 tb_9mo0905\" style=\"width: 70%\" >\n\t    \t    \t        <div class=\"tb-column-inner\">\n\t\t    \n\n<!-- module text -->\n<div  class=\"module module-text text-9202-0-1-0     tb_0gmc281\">\n        <div  class=\"tb_text_wrap\">\n    <h3 style=\"text-align: center;\">PRIMA DI FARE DOMANDA<\/h3>    <\/div>\n<\/div>\n<!-- \/module text -->\n\n\n\n    <!-- module buttons -->\n    <div  class=\"module module-buttons buttons-9202-0-1-1   normal outline rounded tb-align-center tb_mn7h54\">\n        \t<div class=\"module-buttons\">\n                            <div class=\"module-buttons-item  buttons-horizontal\">\n\t\t    \t\t\t<a href=\"#intakes\" class=\"ui builder_button red\" >\n\t\t    \t\t    \t\t\t<span>Iscrizioni e avvisi di ammissione<\/span>\n\t\t    \t\t    \t\t\t<\/a>\n\t\t                    <\/div>\n                            <div class=\"module-buttons-item  buttons-horizontal\">\n\t\t    \t\t\t<a href=\"#medicine\" class=\"ui builder_button red\" >\n\t\t    \t\t    \t\t\t<span>Medicina e Chirurgia<\/span>\n\t\t    \t\t    \t\t\t<\/a>\n\t\t                    <\/div>\n                    <\/div>\n    <\/div>\n    <!-- \/module buttons -->\n\n\n\n<!-- module text -->\n<div  class=\"module module-text text-9202-0-1-2     tb_wpat866\">\n        <div  class=\"tb_text_wrap\">\n    <h3>Iscrizioni e avvisi di ammissione<\/h3>    <\/div>\n<\/div>\n<!-- \/module text -->\n\n\n\n    <!-- module accordion -->\n    <div  class=\"module module-accordion accordion-9202-0-1-3   tb_gpda198\" data-behavior=\"toggle\" id=\"intakes\">\n        \n        <ul class=\"ui module-accordion plus-icon-button  \">\n                            <li aria-expanded=\"false\">\n                    <div class=\"accordion-title\">\n                        <a href=\"#\">\n                                                        \t\t\t    <span class=\"tb_title_accordion\">Quante ammissioni vengono fatte all\u2019anno?<\/span>\n                        <\/a>\n                    <\/div>\n                    <div class=\"accordion-content clearfix  default-closed\">\n                        \t\t\t    <div  class=\"tb_text_wrap\">\n\t\t\t\t<p>Abbiamo <strong>una sola ammissione<\/strong> all&#8217;anno. L&#8217;anno accademico inizia a <strong>ottobre <\/strong>e non \u00e8 possibile immatricolarsi all&#8217;Universit\u00e0 al di fuori di questo periodo.<\/p>\n<p>Visita la nostra <a href=\"https:\/\/apply.unipd.it\">piattaforma di iscrizione<\/a> per sapere quando \u00e8 possibile fare domanda di iscrizione.<\/p>\t\t\t    <\/div>\n                                                \n                    <\/div>\n                <\/li>\n                            <li aria-expanded=\"false\">\n                    <div class=\"accordion-title\">\n                        <a href=\"#\">\n                                                        \t\t\t    <span class=\"tb_title_accordion\">Posso iscrivermi all'Universit\u00e0 durante il semestre primaverile?<\/span>\n                        <\/a>\n                    <\/div>\n                    <div class=\"accordion-content clearfix  default-closed\">\n                        \t\t\t    <div  class=\"tb_text_wrap\">\n\t\t\t\t<p><strong>No<\/strong>, non \u00e8 possibile iscriversi durante il semestre primaverile.<\/p>\n<p>La nostra Universit\u00e0 ha una sola ammissione all&#8217;anno, che avviene sempre in<strong> ottobre.<\/strong><\/p>\t\t\t    <\/div>\n                                                \n                    <\/div>\n                <\/li>\n                            <li aria-expanded=\"false\">\n                    <div class=\"accordion-title\">\n                        <a href=\"#\">\n                                                        \t\t\t    <span class=\"tb_title_accordion\">Qual \u00e8 la differenza tra i periodi di iscrizione?<\/span>\n                        <\/a>\n                    <\/div>\n                    <div class=\"accordion-content clearfix  default-closed\">\n                        \t\t\t    <div  class=\"tb_text_wrap\">\n\t\t\t\t<p>I p non differiscono in termini di requisiti.<\/p>\n<p>Tutti i corsi\u00a0 saranno aperti per un <strong>primo periodo di iscrizione<\/strong>.<\/p>\n<p>Alcuni corsi possono essere aperti anche per un <strong>secondo periodo<\/strong>, in base alla disponibilit\u00e0 di posti.<\/p>\n<p>Un ulteriore periodo di iscrizione dedicato soltanto a studenti UE e a studenti non-UE gi\u00e0 residenti in Italia pu\u00f2 essere aperto in estate.<\/p>\n<p>I corsi ad accesso programmato hanno di solito un solo periodo di iscrizione. Le specifiche sono riportate nel relativo bando di ammissione.<\/p>\t\t\t    <\/div>\n                                                \n                    <\/div>\n                <\/li>\n                            <li aria-expanded=\"false\">\n                    <div class=\"accordion-title\">\n                        <a href=\"#\">\n                                                        \t\t\t    <span class=\"tb_title_accordion\">Il processo di iscrizione dipende dal luogo in cui ho ottenuto il titolo di accesso?<\/span>\n                        <\/a>\n                    <\/div>\n                    <div class=\"accordion-content clearfix  default-closed\">\n                        \t\t\t    <div  class=\"tb_text_wrap\">\n\t\t\t\t<p>S\u00ec, possono esserci requisiti diversi a seconda del tuo titolo di accesso. Consulta le <strong>procedure<\/strong> di iscrizione per titoli esteri sul nostro sito web: <a href=\"http:\/\/www.unipd.it\/en\/how-apply\">www.unipd.it\/en\/how-apply<\/a>.<\/p>\n<p>Se il tuo titolo d\u2019accesso \u00e8 un <strong>titolo italiano<\/strong>, devi fare domanda seguendo le <a href=\"https:\/\/www.unipd.it\/corsi\/iscriviti\">procedure per studenti con titolo italiano<\/a>.<\/p>\n<p>Se il titolo d&#8217;accesso \u00e8 stato conseguito <strong>al di fuori<\/strong> del sistema scolastico italiano, devi seguire le <a href=\"http:\/\/www.unipd.it\/en\/how-apply\">procedure per studenti internazionali<\/a>.<\/p>\n<p>Per ulteriori informazioni consulta l&#8217;Allegato 2 delle <a href=\"https:\/\/www.universitaly.it\/studenti-stranieri\"><strong>Linee guida ministeriali<\/strong><\/a>.<\/p>\n<p>Per maggiori dettagli, visita: <a href=\"https:\/\/web.unipd.it\/international\/faq\/application-platform\/\">FAQ &#8211; Piattaforma di iscrizione<\/a>.<\/p>\t\t\t    <\/div>\n                                                \n                    <\/div>\n                <\/li>\n                            <li aria-expanded=\"false\">\n                    <div class=\"accordion-title\">\n                        <a href=\"#\">\n                                                        \t\t\t    <span class=\"tb_title_accordion\">Cos'\u00e8 il titolo di accesso?<\/span>\n                        <\/a>\n                    <\/div>\n                    <div class=\"accordion-content clearfix  default-closed\">\n                        \t\t\t    <div  class=\"tb_text_wrap\">\n\t\t\t\t<p>Il titolo di accesso \u00e8 il titolo di studio che consente di presentare domanda di iscrizione e di accedere a uno dei corsi offerti dall&#8217;Universit\u00e0 di Padova.<\/p>\n<p>In particolare:<\/p>\n<ul>\n<li>se vuoi studiare una <strong>laurea triennale<\/strong>, il tuo titolo di accesso sar\u00e0 il diploma di scuola secondaria superiore;<\/li>\n<li>se vuoi conseguire una <strong>laurea magistrale<\/strong>, il titolo di accesso sar\u00e0 la laurea triennale.<\/li>\n<\/ul>\n<p>Il titolo di accesso per i corsi di laurea magistrale a ciclo unico \u00e8 il diploma di scuola secondaria superiore.<\/p>\t\t\t    <\/div>\n                                                \n                    <\/div>\n                <\/li>\n                            <li aria-expanded=\"false\">\n                    <div class=\"accordion-title\">\n                        <a href=\"#\">\n                                                        \t\t\t    <span class=\"tb_title_accordion\">Il processo di iscrizione dipende dalla mia cittadinanza?<\/span>\n                        <\/a>\n                    <\/div>\n                    <div class=\"accordion-content clearfix  default-closed\">\n                        \t\t\t    <div  class=\"tb_text_wrap\">\n\t\t\t\t<p>S\u00ec, la procedura di iscrizione dipende da:<\/p>\n<ul>\n<li>Cittadinanza,<\/li>\n<li>Paese di residenza,<\/li>\n<li>Titolo di accesso (vedi domanda precedente)<\/li>\n<\/ul>\n<p>Per quanto riguarda la cittadinanza e il Paese di residenza, distinguiamo due categorie principali:<\/p>\n<ul>\n<li><strong>Cittadini dell&#8217;UE ed equiparati<\/strong> (cio\u00e8 Norvegia, Islanda, Liechtenstein, Svizzera, Repubblica di San Marino e Citt\u00e0 del Vaticano) e <strong>cittadini non-UE gi\u00e0 residenti in Italia<\/strong> (con permesso di soggiorno valido),<\/li>\n<li><strong>cittadini non-UE residenti fuori dall&#8217;Italia.<\/strong><\/li>\n<\/ul>\n<p>Per quanto riguarda il titolo di accesso, si rimanda alle domande precedenti.<\/p>\n<p>Per maggiori dettagli, consulta: <a href=\"https:\/\/web.unipd.it\/international\/faq\/application-platform\/\">FAQ &#8211; Piattaforma di candidatura<\/a>.<\/p>\t\t\t    <\/div>\n                                                \n                    <\/div>\n                <\/li>\n                            <li aria-expanded=\"false\">\n                    <div class=\"accordion-title\">\n                        <a href=\"#\">\n                                                        \t\t\t    <span class=\"tb_title_accordion\">Ho una doppia cittadinanza, di cui una dell'UE. Quale devo considerare?<\/span>\n                        <\/a>\n                    <\/div>\n                    <div class=\"accordion-content clearfix  default-closed\">\n                        \t\t\t    <div  class=\"tb_text_wrap\">\n\t\t\t\t<p>Per legge, devi fare domanda con la tua <strong>cittadinanza dell&#8217;UE.<\/strong><\/p>\t\t\t    <\/div>\n                                                \n                    <\/div>\n                <\/li>\n                            <li aria-expanded=\"false\">\n                    <div class=\"accordion-title\">\n                        <a href=\"#\">\n                                                        \t\t\t    <span class=\"tb_title_accordion\">Qual \u00e8 la differenza tra corsi ad accesso programmato e corsi ad accesso libero?<\/span>\n                        <\/a>\n                    <\/div>\n                    <div class=\"accordion-content clearfix  default-closed\">\n                        \t\t\t    <div  class=\"tb_text_wrap\">\n\t\t\t\t<p>I corsi di laurea ad <strong>accesso libero<\/strong> non prevedono un numero massimo di posti disponibili per l&#8217;immatricolazione.<\/p>\n<p>IMPORTANTE: l&#8217;ammissione a i corsi ad <strong>accesso libero<\/strong> NON \u00e8 automatica, l&#8217;iscrizione a uno di questi corsi NON garantisce l&#8217;ammissione. Solo gli studenti ritenuti <strong>idonei<\/strong> dal Comitato Accademico possono essere ammessi ed eventualmente immatricolarsi al corso.<\/p>\n<p>I corsi ad <strong>accesso programmato<\/strong> hanno un numero massimo di posti disponibili per l&#8217;immatricolazione. Questo numero varia a seconda del corso. Per questo viene pubblicato per ogni corso un <strong>Avviso di ammissione<\/strong> che riporta le procedure di iscrizione e il numero di posti disponibili (specificando ulteriormente quelli disponibili per gli studenti comunitari ed equiparati e per gli studenti extracomunitari residenti fuori dall&#8217;Italia).\u00a0 Ad ogni candidato viene assegnato un punteggio specifico che viene utilizzato per determinare una <strong>graduatoria<\/strong>. Solo gli studenti che hanno ottenuto un buon piazzamento in graduatoria, come da Avviso di ammissione, possono essere ammessi ed eventualmente immatricolarsi. La graduatoria pu\u00f2 essere stilata anche in base ai risultati di un <strong>test d&#8217;ingresso<\/strong>.<\/p>\n<p>Gli studenti non ammessi vengono inseriti in una <strong>lista d&#8217;attesa<\/strong>: in caso di rinunce, i posti rimasti disponibili vengono assegnati ai successivi candidati idonei in lista d&#8217;attesa.<\/p>\n<p>Per la procedura completa consulta lo specifico Bando di ammissione.<\/p>\t\t\t    <\/div>\n                                                \n                    <\/div>\n                <\/li>\n                            <li aria-expanded=\"false\">\n                    <div class=\"accordion-title\">\n                        <a href=\"#\">\n                                                        \t\t\t    <span class=\"tb_title_accordion\">Cos'\u00e8 l'avviso di ammissione e dove posso trovarlo?<\/span>\n                        <\/a>\n                    <\/div>\n                    <div class=\"accordion-content clearfix  default-closed\">\n                        \t\t\t    <div  class=\"tb_text_wrap\">\n\t\t\t\t<p>l&#8217;avviso di ammissione (o bando) \u00e8 un documento in <strong>formato PDF<\/strong> pubblicato sul <a href=\"http:\/\/www.unipd.it\/avvisi-ammissione-corsi\">sito web dell&#8217;Universit\u00e0<\/a> che riporta i seguenti dati:<\/p>\n<ul>\n<li>Numero di posti disponibili,<\/li>\n<li>Procedure di candidatura,<\/li>\n<li>Test di ingresso &#8211; se richiesto (es. TOLC),<\/li>\n<li>Scadenze,<\/li>\n<li>Requisiti per l&#8217;iscrizione,<\/li>\n<li>&#8230;<\/li>\n<\/ul>\n<p>L&#8217;<strong>Avviso di ammissione<\/strong> viene pubblicato <strong>ogni anno<\/strong> per i seguenti corsi di laurea:<\/p>\n<ul>\n<li>Corsi di laurea triennale in lingua italiana (accesso programmato),<\/li>\n<li>Corsi di laurea a ciclo unico in lingua italiana (accesso libero e programmato),<\/li>\n<li>Corsi di laurea a ciclo unico in lingua inglese (Medicina e Chirurgia),<\/li>\n<li>Corsi di laurea magistrale ad accesso programmato in italiano e in inglese.<\/li>\n<\/ul>\n<p>Per i corsi di laurea magistrale ad accesso libero (sia in italiano che in inglese) non viene pubblicato alcun bando di ammissione.<\/p>\t\t\t    <\/div>\n                                                \n                    <\/div>\n                <\/li>\n                            <li aria-expanded=\"false\">\n                    <div class=\"accordion-title\">\n                        <a href=\"#\">\n                                                        \t\t\t    <span class=\"tb_title_accordion\">Quando \u00e8 la scadenza per presentare la domanda?<\/span>\n                        <\/a>\n                    <\/div>\n                    <div class=\"accordion-content clearfix  default-closed\">\n                        \t\t\t    <div  class=\"tb_text_wrap\">\n\t\t\t\t<p><strong>Dipende<\/strong> dal programma per cui ci si candida.<\/p>\n<p>Consulta la <a href=\"https:\/\/apply.unipd.it\/\">Piattaforma di iscrizione<\/a> per saperne di pi\u00f9 sui prossimi periodi di iscrizione per ciascuno dei nostri corsi di laurea.<\/p>\n<p>In generale, queste sono le date di presentazione delle domande per i corsi di laurea ad<strong> accesso libero<\/strong>:<\/p>\n<ul>\n<li><strong>Primo periodo<\/strong>&#8211; Dal 2 novembre al 2 febbraio,<\/li>\n<li><strong>Secondo periodo <\/strong>&#8211; Dal 2 marzo al 2 maggio per gli studenti extracomunitari residenti fuori dall&#8217;Italia,<\/li>\n<li><strong>Terzo periodo <\/strong>&#8211; dal 2 giugno al 2 agosto per gli studenti comunitari ed equiparati e per gli studenti extracomunitari residenti in Italia.<\/li>\n<\/ul>\n<p>Si prega di notare che il secondo e terzo periodo possono essere aperti solo in base alla disponibilit\u00e0 di posti.<\/p>\n<p>I corsi di laurea ad <strong>accesso programmato<\/strong> hanno date diverse:<\/p>\n<ul>\n<li><strong>Primo periodo non-UE <\/strong>(accesso programmato) &#8211; dal 7 gennaio al 7 marzo solo per studenti non-UE residenti all&#8217;estero.<\/li>\n<li><strong>Primo periodo UE<\/strong> (accesso programmato) &#8211; dal 7 marzo al 7 aprile solo per studenti UE e per studenti non-UE gi\u00e0 residenti in Italia.<\/li>\n<\/ul>\n<p>Per maggiori informazioni sui periodi di iscrizione, visita la pagina del corso su <a href=\"https:\/\/apply.unipd.it\/\">Apply UNIPD<\/a>.<\/p>\n<p>I candidati devono sempre verificare le <strong>scadenze<\/strong> sulla <a href=\"http:\/\/www.unipd.it\/en\/how-apply\">piattaforma di iscrizione<\/a> e sul sito <a href=\"https:\/\/www.unipd.it\/en\/\">web dell&#8217;universit\u00e0<\/a>.<\/p>\t\t\t    <\/div>\n                                                \n                    <\/div>\n                <\/li>\n                            <li aria-expanded=\"false\">\n                    <div class=\"accordion-title\">\n                        <a href=\"#\">\n                                                        \t\t\t    <span class=\"tb_title_accordion\">Potete valutare il mio profilo e i miei titoli prima che mi candidi?<\/span>\n                        <\/a>\n                    <\/div>\n                    <div class=\"accordion-content clearfix  default-closed\">\n                        \t\t\t    <div  class=\"tb_text_wrap\">\n\t\t\t\t<p>No, non possiamo.<\/p>\n<p>Il profilo e il titolo di accesso sono valutati esclusivamente da un&#8217;apposita <strong>Commissione Accademica<\/strong>, che analizzer\u00e0 nel dettaglio la tua domanda. Prima di presentare la domanda di iscrizione, verifica i<strong> requisiti specifici<\/strong> dei corsi a cui sei interessato che trovi nella <a href=\"https:\/\/apply.unipd.it\/\">piattaforma di iscrizione<\/a> e nel relativo Avviso di ammissione, se disponibile.<\/p>\n<p>Valutiamo soltanto documenti allegati a domande di iscrizione ufficiali inviate secondo le nostre procedure.\u00a0<\/p>\t\t\t    <\/div>\n                                                \n                    <\/div>\n                <\/li>\n                            <li aria-expanded=\"false\">\n                    <div class=\"accordion-title\">\n                        <a href=\"#\">\n                                                        \t\t\t    <span class=\"tb_title_accordion\">Quanti studenti accettate per ogni corso?<\/span>\n                        <\/a>\n                    <\/div>\n                    <div class=\"accordion-content clearfix  default-closed\">\n                        \t\t\t    <div  class=\"tb_text_wrap\">\n\t\t\t\t<p>Il numero <strong>varia<\/strong> a seconda del corso.<\/p>\n<p>Puoi trovare queste informazioni sul nostro sito web, sulla <a href=\"https:\/\/apply.unipd.it\/\">piattaforma di iscrizione<\/a> o nel bando di ammissione.<\/p>\n<p>Per maggiori dettagli, consulta la FAQ dedicata: <em>\u201cQual \u00e8 la differenza tra programmi ad accesso programmato o libero?\u201d.<\/em><\/p>\t\t\t    <\/div>\n                                                \n                    <\/div>\n                <\/li>\n                    <\/ul>\n\n    <\/div>\n    <!-- \/module accordion -->\n\n\n\n<!-- module text -->\n<div  class=\"module module-text text-9202-0-1-4     tb_40mt614\">\n        <div  class=\"tb_text_wrap\">\n    <h3>Medicina e Chirurgia<\/h3>    <\/div>\n<\/div>\n<!-- \/module text -->\n\n\t        <\/div>\n\t    \t<\/div>\n\t\t    <\/div>\n\t    <!-- \/row_inner -->\n\t<\/div>\n\t<!-- \/module_row -->\n\t<\/div>\n","protected":false},"excerpt":{"rendered":"<p>&lt; HOME #341 (no title) Admissions and Welcome Unit Admitted student Applicant Contact form Erasmus Contact form Erasmus Contact form mobility Contact form Ulisse Enrolment desk for international students Events Campus Tour Campus Tour &#8211; Agricultural Campus Tour &#8211; Economics and Political Sciences Campus Tour &#8211; Engineering Campus Tour &#8211; Humanities Campus Tour &#8211; Psychology [&hellip;]<\/p>\n","protected":false},"author":24,"featured_media":0,"parent":9388,"menu_order":0,"comment_status":"closed","ping_status":"closed","template":"","meta":{"footnotes":""},"class_list":["post-9202","page","type-page","status-publish","hentry","has-post-title","has-post-date","has-post-category","has-post-tag","has-post-comment","has-post-author",""],"jetpack_sharing_enabled":true,"_links":{"self":[{"href":"https:\/\/web.unipd.it\/international\/it\/wp-json\/wp\/v2\/pages\/9202","targetHints":{"allow":["GET"]}}],"collection":[{"href":"https:\/\/web.unipd.it\/international\/it\/wp-json\/wp\/v2\/pages"}],"about":[{"href":"https:\/\/web.unipd.it\/international\/it\/wp-json\/wp\/v2\/types\/page"}],"author":[{"embeddable":true,"href":"https:\/\/web.unipd.it\/international\/it\/wp-json\/wp\/v2\/users\/24"}],"replies":[{"embeddable":true,"href":"https:\/\/web.unipd.it\/international\/it\/wp-json\/wp\/v2\/comments?post=9202"}],"version-history":[{"count":18,"href":"https:\/\/web.unipd.it\/international\/it\/wp-json\/wp\/v2\/pages\/9202\/revisions"}],"predecessor-version":[{"id":10710,"href":"https:\/\/web.unipd.it\/international\/it\/wp-json\/wp\/v2\/pages\/9202\/revisions\/10710"}],"up":[{"embeddable":true,"href":"https:\/\/web.unipd.it\/international\/it\/wp-json\/wp\/v2\/pages\/9388"}],"wp:attachment":[{"href":"https:\/\/web.unipd.it\/international\/it\/wp-json\/wp\/v2\/media?parent=9202"}],"curies":[{"name":"wp","href":"https:\/\/api.w.org\/{rel}","templated":true}]}}