{"id":7217,"date":"2023-11-15T13:06:18","date_gmt":"2023-11-15T12:06:18","guid":{"rendered":"https:\/\/web.unipd.it\/international\/dd-fuori-europa_al-rientro\/"},"modified":"2025-02-28T16:16:47","modified_gmt":"2025-02-28T15:16:47","slug":"dd-fuori-europa_al-rientro","status":"publish","type":"page","link":"https:\/\/web.unipd.it\/international\/it\/faq-mobility\/dd-fuori-europa_al-rientro\/","title":{"rendered":"FAQ &#8211; Doppi titoli fuori Europa &#8211; Al rientro"},"content":{"rendered":"<div id=\"themify_builder_content-7217\" data-postid=\"7217\" class=\"themify_builder_content themify_builder_content-7217 themify_builder\">\n    \t<!-- module_row -->\n\t<div  class=\"themify_builder_row module_row clearfix module_row_0 themify_builder_7217_row module_row_7217-0 tb_9yo7665\">\n\t    \t    <div class=\"row_inner col_align_top\" >\n\t\t\t<div  class=\"module_column tb-column col2-1 first tb_7217_column module_column_0 module_column_7217-0-0 tb_wgy4000\" style=\"width: 26.8%\" >\n\t    \t    \t        <div class=\"tb-column-inner\">\n\t\t    \n\n<!-- module text -->\n<div  class=\"module module-text text-7217-0-0-0     tb_29x4766\">\n        <div  class=\"tb_text_wrap\">\n    <p><strong>< <a href=\"https:\/\/web.unipd.it\/international\/faq-mobility\/\">HOME<\/a><\/strong><\/p>    <\/div>\n<\/div>\n<!-- \/module text -->\n\n\n\n    <!-- module menu -->\n    <div  class=\"module module-menu menu-7217-0-0-1   tb_f6od000 mobile-menu-slide tb-align-left\" data-menu-style=\"mobile-menu-slide\" data-element-id=\"tb_f6od000\">\n        \n        <div class=\"module-menu-container tb-align-left\"><ul id=\"menu-faq-mobility-it\" class=\"ui nav fullwidth transparent \"><li id=\"menu-item-wpml-ls-27-it\" class=\"menu-item wpml-ls-slot-27 wpml-ls-item wpml-ls-item-it wpml-ls-current-language wpml-ls-menu-item wpml-ls-last-item menu-item-type-wpml_ls_menu_item menu-item-object-wpml_ls_menu_item menu-item-has-children menu-item-wpml-ls-27-it\"><a href=\"https:\/\/web.unipd.it\/international\/it\/\" role=\"menuitem\"><img data-recalc-dims=\"1\" decoding=\"async\"\n            class=\"wpml-ls-flag\"\n            src=\"https:\/\/i0.wp.com\/web.unipd.it\/international\/wp-content\/plugins\/sitepress-multilingual-cms\/res\/flags\/it.png?w=1165&#038;ssl=1\"\n            alt=\"\"\n            \n            \n    \/><span class=\"wpml-ls-native\" lang=\"it\">Italiano<\/span><\/a>\n<ul class=\"sub-menu\">\n\t<li id=\"menu-item-wpml-ls-27-en\" class=\"menu-item wpml-ls-slot-27 wpml-ls-item wpml-ls-item-en wpml-ls-menu-item wpml-ls-first-item menu-item-type-wpml_ls_menu_item menu-item-object-wpml_ls_menu_item menu-item-wpml-ls-27-en\"><a href=\"https:\/\/web.unipd.it\/international\/\" title=\"Passa a English\" aria-label=\"Passa a English\" role=\"menuitem\"><img data-recalc-dims=\"1\" decoding=\"async\"\n            class=\"wpml-ls-flag\"\n            src=\"https:\/\/i0.wp.com\/web.unipd.it\/international\/wp-content\/plugins\/sitepress-multilingual-cms\/res\/flags\/en.png?w=1165&#038;ssl=1\"\n            alt=\"\"\n            \n            \n    \/><span class=\"wpml-ls-native\" lang=\"en\">English<\/span><\/a><\/li>\n<\/ul>\n<\/li>\n<li id=\"menu-item-7144\" class=\"menu-item menu-item-type-post_type menu-item-object-page menu-item-has-children has-sub-menu menu-item-7144\"><a href=\"https:\/\/web.unipd.it\/international\/it\/faq-mobility\/erasmus-studio-semp_prima_di_partire\/\">FAQ \u2013 Erasmus+ Studio e SEMP \u2013 Prima di partire<\/a>\n<ul class=\"sub-menu\">\n\t<li id=\"menu-item-7137\" class=\"menu-item menu-item-type-post_type menu-item-object-page menu-item-7137\"><a href=\"https:\/\/web.unipd.it\/international\/it\/faq-mobility\/erasmus-studio-semp_fare_domanda\/\">FAQ \u2013 Erasmus+ Studio e SEMP \u2013 Fare domanda<\/a><\/li>\n\t<li id=\"menu-item-7646\" class=\"menu-item menu-item-type-post_type menu-item-object-page menu-item-7646\"><a href=\"https:\/\/web.unipd.it\/international\/it\/faq-mobility\/erasmus-studio-semp_prima_di_partire\/\">FAQ \u2013 Erasmus+ Studio e SEMP \u2013 Prima di partire<\/a><\/li>\n\t<li id=\"menu-item-7149\" class=\"menu-item menu-item-type-post_type menu-item-object-page menu-item-7149\"><a href=\"https:\/\/web.unipd.it\/international\/it\/faq-mobility\/erasmus-studio-semp_durante_la_mobilita\/\">FAQ \u2013 Erasmus+ Studio e SEMP \u2013 Durante la mobilit\u00e0<\/a><\/li>\n\t<li id=\"menu-item-7154\" class=\"menu-item menu-item-type-post_type menu-item-object-page menu-item-7154\"><a href=\"https:\/\/web.unipd.it\/international\/it\/faq-mobility\/erasmus-studio-semp_al_rientro\/\">FAQ \u2013 Erasmus+ Studio e SEMP \u2013 Al rientro<\/a><\/li>\n\t<li id=\"menu-item-7159\" class=\"menu-item menu-item-type-post_type menu-item-object-page menu-item-7159\"><a href=\"https:\/\/web.unipd.it\/international\/it\/faq-mobility\/erasmus-studio-semp_contributi\/\">FAQ \u2013 Erasmus+ Studio e SEMP \u2013 Contributi<\/a><\/li>\n<\/ul>\n<\/li>\n<li id=\"menu-item-7164\" class=\"menu-item menu-item-type-post_type menu-item-object-page menu-item-has-children has-sub-menu menu-item-7164\"><a href=\"https:\/\/web.unipd.it\/international\/it\/faq-mobility\/ulisse_fare_domanda\/\">FAQ \u2013 Ulisse \u2013 Fare domanda<\/a>\n<ul class=\"sub-menu\">\n\t<li id=\"menu-item-7647\" class=\"menu-item menu-item-type-post_type menu-item-object-page menu-item-7647\"><a href=\"https:\/\/web.unipd.it\/international\/it\/faq-mobility\/ulisse_prima_di_partire\/\">FAQ \u2013 Ulisse \u2013 Prima di partire<\/a><\/li>\n\t<li id=\"menu-item-7648\" class=\"menu-item menu-item-type-post_type menu-item-object-page menu-item-7648\"><a href=\"https:\/\/web.unipd.it\/international\/it\/faq-mobility\/ulisse_durante_la_mobilita\/\">FAQ \u2013 Ulisse \u2013 Durante la mobilit\u00e0<\/a><\/li>\n\t<li id=\"menu-item-7649\" class=\"menu-item menu-item-type-post_type menu-item-object-page menu-item-7649\"><a href=\"https:\/\/web.unipd.it\/international\/it\/faq-mobility\/ulisse_al_rientro\/\">FAQ \u2013 Ulisse \u2013 Al rientro<\/a><\/li>\n\t<li id=\"menu-item-7178\" class=\"menu-item menu-item-type-post_type menu-item-object-page menu-item-7178\"><a href=\"https:\/\/web.unipd.it\/international\/it\/faq-mobility\/ulisse_contributi\/\">FAQ \u2013 Ulisse \u2013 Contributi<\/a><\/li>\n<\/ul>\n<\/li>\n<li id=\"menu-item-7183\" class=\"menu-item menu-item-type-post_type menu-item-object-page menu-item-has-children has-sub-menu menu-item-7183\"><a href=\"https:\/\/web.unipd.it\/international\/it\/faq-mobility\/doppi-titoli_fare-domanda\/\">FAQ \u2013 Doppi titoli \u2013 Fare domanda<\/a>\n<ul class=\"sub-menu\">\n\t<li id=\"menu-item-7650\" class=\"menu-item menu-item-type-post_type menu-item-object-page menu-item-7650\"><a href=\"https:\/\/web.unipd.it\/international\/it\/faq-mobility\/dd-in-europa_primadipartire\/\">FAQ \u2013 Doppi titoli in Europa \u2013 Prima di partire<\/a><\/li>\n\t<li id=\"menu-item-7188\" class=\"menu-item menu-item-type-post_type menu-item-object-page menu-item-7188\"><a href=\"https:\/\/web.unipd.it\/international\/it\/faq-mobility\/dd-in-europa_durante-mobilita\/\">FAQ \u2013 Doppi titoli in Europa \u2013 Durante la mobilit\u00e0<\/a><\/li>\n\t<li id=\"menu-item-7193\" class=\"menu-item menu-item-type-post_type menu-item-object-page menu-item-7193\"><a href=\"https:\/\/web.unipd.it\/international\/it\/faq-mobility\/dd-in-europa_al-rientro\/\">FAQ \u2013 Doppi titoli in Europa \u2013 Al rientro<\/a><\/li>\n\t<li id=\"menu-item-7198\" class=\"menu-item menu-item-type-post_type menu-item-object-page menu-item-7198\"><a href=\"https:\/\/web.unipd.it\/international\/it\/faq-mobility\/dd-in-europa_contributi\/\">FAQ \u2013 Doppi titoli in Europa \u2013 Contributi<\/a><\/li>\n\t<li id=\"menu-item-7203\" class=\"menu-item menu-item-type-post_type menu-item-object-page menu-item-7203\"><a href=\"https:\/\/web.unipd.it\/international\/it\/faq-mobility\/dd-fuori-europa_primadipartire\/\">FAQ \u2013 Doppi titoli fuori Europa \u2013 Prima di partire<\/a><\/li>\n\t<li id=\"menu-item-7208\" class=\"menu-item menu-item-type-post_type menu-item-object-page menu-item-7208\"><a href=\"https:\/\/web.unipd.it\/international\/it\/faq-mobility\/dd-fuori-europa_durante-mobilita\/\">FAQ \u2013 Doppi titoli fuori Europa \u2013 Durante la mobilit\u00e0<\/a><\/li>\n\t<li id=\"menu-item-7213\" class=\"menu-item menu-item-type-post_type menu-item-object-page menu-item-7213\"><a href=\"https:\/\/web.unipd.it\/international\/it\/faq-mobility\/dd-fuori-europa_contributi\/\">FAQ \u2013 Doppi titoli fuori Europa \u2013 Contributi<\/a><\/li>\n\t<li id=\"menu-item-7218\" class=\"menu-item menu-item-type-post_type menu-item-object-page menu-item-7218\"><a href=\"https:\/\/web.unipd.it\/international\/it\/faq-mobility\/dd-fuori-europa_al-rientro\/\">FAQ \u2013 Doppi titoli fuori Europa \u2013 Al rientro<\/a><\/li>\n<\/ul>\n<\/li>\n<li id=\"menu-item-7223\" class=\"menu-item menu-item-type-post_type menu-item-object-page menu-item-7223\"><a href=\"https:\/\/web.unipd.it\/international\/it\/faq-mobility\/bip\/\">FAQ \u2013 Blended Intensive Programmes (BIP)<\/a><\/li>\n<\/ul><\/div>    <\/div>\n    <!-- \/module menu -->\n\n\t        <\/div>\n\t    \t<\/div>\n\t\t<div  class=\"module_column tb-column col2-1 last tb_7217_column module_column_1 module_column_7217-0-1 tb_9owg866\" style=\"width: 70%\" >\n\t    \t    \t        <div class=\"tb-column-inner\">\n\t\t    \n\n<!-- module text -->\n<div  class=\"module module-text text-7217-0-1-0     tb_ect3260\">\n        <div  class=\"tb_text_wrap\">\n    <h3 style=\"text-align: center;\"><strong>Doppi titoli fuori Europa<\/strong><\/h3>\n<p style=\"text-align: center;\">Al rientro<\/p>    <\/div>\n<\/div>\n<!-- \/module text -->\n\n\n\n    <!-- module buttons -->\n    <div  class=\"module module-buttons buttons-7217-0-1-1   normal outline rounded tb-align-center tb_048b868\">\n        \t<div class=\"module-buttons\">\n                            <div class=\"module-buttons-item  buttons-horizontal\">\n\t\t    \t\t\t<a href=\"#documentifinemobilit\u00e0\" class=\"ui builder_button red\" >\n\t\t    \t\t    \t\t\t<span>Documenti di fine mobilit\u00e0<\/span>\n\t\t    \t\t    \t\t\t<\/a>\n\t\t                    <\/div>\n                            <div class=\"module-buttons-item  buttons-horizontal\">\n\t\t    \t\t\t<a href=\"#contributi\" class=\"ui builder_button red\" >\n\t\t    \t\t    \t\t\t<span>Contributi finanziari<\/span>\n\t\t    \t\t    \t\t\t<\/a>\n\t\t                    <\/div>\n                            <div class=\"module-buttons-item  buttons-horizontal\">\n\t\t    \t\t\t<a href=\"#tor\" class=\"ui builder_button red\" >\n\t\t    \t\t    \t\t\t<span>Transcript of Records (ToR)<\/span>\n\t\t    \t\t    \t\t\t<\/a>\n\t\t                    <\/div>\n                            <div class=\"module-buttons-item  buttons-horizontal\">\n\t\t    \t\t\t<a href=\"#riconoscimento\" class=\"ui builder_button red\" >\n\t\t    \t\t    \t\t\t<span>Riconoscimento crediti e ottenimento del titolo<\/span>\n\t\t    \t\t    \t\t\t<\/a>\n\t\t                    <\/div>\n                    <\/div>\n    <\/div>\n    <!-- \/module buttons -->\n\n\n\n<!-- module text -->\n<div  class=\"module module-text text-7217-0-1-2     tb_3a8a060\">\n        <div  class=\"tb_text_wrap\">\n    <p><a name=\"documentifinemobilit\u00e0\"><\/a><\/p>\n<h3 style=\"text-align: left;\">Documenti di fine mobilit\u00e0<\/h3>    <\/div>\n<\/div>\n<!-- \/module text -->\n\n\n\n    <!-- module accordion -->\n    <div  class=\"module module-accordion accordion-7217-0-1-3   tb_vpza688\" data-behavior=\"toggle\" id=\"procedure\">\n        \n        <ul class=\"ui module-accordion plus-icon-button  \">\n                            <li aria-expanded=\"false\">\n                    <div class=\"accordion-title\">\n                        <a href=\"#\">\n                                                        \t\t\t    <span class=\"tb_title_accordion\">Quali sono i documenti di fine mobilit\u00e0?<\/span>\n                        <\/a>\n                    <\/div>\n                    <div class=\"accordion-content clearfix  default-closed\">\n                        \t\t\t    <div  class=\"tb_text_wrap\">\n\t\t\t\t<p>I documenti di fine mobilit\u00e0 sono:<\/p>\n<p>Attendance Certificate<\/p>\n<p>Online Learning Agreement (OLA), se \u00e8 stato modificato<\/p>\n<p>Transcript of Records (ToR) emesso dall&#8217;universit\u00e0 partner<\/p>\t\t\t    <\/div>\n                                                \n                    <\/div>\n                <\/li>\n                            <li aria-expanded=\"false\">\n                    <div class=\"accordion-title\">\n                        <a href=\"#\">\n                                                        \t\t\t    <span class=\"tb_title_accordion\">Cosa \u00e8 obbligatorio fare appena rientrati dalla mobilit\u00e0?<\/span>\n                        <\/a>\n                    <\/div>\n                    <div class=\"accordion-content clearfix  default-closed\">\n                        \t\t\t    <div  class=\"tb_text_wrap\">\n\t\t\t\t<p><span style=\"font-weight: 400;\">E&#8217; necessario caricare i documenti di fine mobilit\u00e0 (Attendance Certificate ed <strong>eventuale<\/strong> <strong>versione aggiornata e controfirmata<\/strong> dell\u2019Online Learning Agreement OLA) su <\/span><a href=\"https:\/\/www.unipd.it\/relint\"><span style=\"font-weight: 400;\">www.unipd.it\/relint<\/span><\/a><span style=\"font-weight: 400;\">, (accesso con SSO in alto a destra e click su \u201cUpload documenti di fine soggiorno\u201d) <\/span><strong>entro dieci giorni dalla <\/strong><strong><em>date of departure<\/em><\/strong><strong> stabilita nell\u2019Attendance Certificate dall\u2019Universit\u00e0 ospitante. <\/strong><\/p>\n<p><span style=\"font-weight: 400;\">E&#8217; necessario assicurarsi che l\u2019Ufficio Mobility (centrale) riceva il <strong>Transcript of Records<\/strong> oppure Short Evaluation e\/o Proposta di riconoscimento non appena il documento sar\u00e0 disponibile. <\/span><\/p>\n<p><span style=\"font-weight: 400;\">Ti suggeriamo di tenere monitorato la propria email istituzionale, dove lo studente\/la studentessa verr\u00e0 contattato\/a per eventuali necessit\u00e0.<\/span><\/p>\t\t\t    <\/div>\n                                                \n                    <\/div>\n                <\/li>\n                            <li aria-expanded=\"false\">\n                    <div class=\"accordion-title\">\n                        <a href=\"#\">\n                                                        \t\t\t    <span class=\"tb_title_accordion\">Dove bisogna caricare i documenti di fine mobilit\u00e0?<\/span>\n                        <\/a>\n                    <\/div>\n                    <div class=\"accordion-content clearfix  default-closed\">\n                        \t\t\t    <div  class=\"tb_text_wrap\">\n\t\t\t\t<p><span style=\"font-weight: 400;\">E&#8217; necessario caricare l\u2019Attendance Certificate e l\u2019eventuale versione aggiornata e controfirmata dell\u2019Online Learning Agreement su <\/span><a href=\"https:\/\/www.unipd.it\/relint\"><span style=\"font-weight: 400;\">www.unipd.it\/relint<\/span><\/a><span style=\"font-weight: 400;\">, (accesso con SSO in alto a destra e click su \u201cUpload documenti di fine soggiorno\u201d) <\/span><strong>entro dieci giorni dalla <\/strong><strong><em>date of departure<\/em><\/strong><strong> stabilita nell\u2019Attendance Certificate dall\u2019Universit\u00e0 ospitante<\/strong><\/p>\t\t\t    <\/div>\n                                                \n                    <\/div>\n                <\/li>\n                            <li aria-expanded=\"false\">\n                    <div class=\"accordion-title\">\n                        <a href=\"#\">\n                                                        \t\t\t    <span class=\"tb_title_accordion\">Si pu\u00f2 inviare direttamente il Transcript of Records all'Ufficio Mobility?<\/span>\n                        <\/a>\n                    <\/div>\n                    <div class=\"accordion-content clearfix  default-closed\">\n                        \t\t\t    <div  class=\"tb_text_wrap\">\n\t\t\t\t<p>Lo studente dovr\u00e0 verificare che il Transcript of Records sia completo e corretto e se il documento non presenta una firma digitale, \u00e8 necessario chiedere all&#8217;universit\u00e0 partner di inviare il certificato attraverso la loro email istituzionale a mobility.out@unipd.it.<\/p>\n<p>Qualora il Transcript of Records (ToR) contenesse la firma digitale (riconoscibile grazie al codice alfanumerico) lo studente potr\u00e0 inviare il documento all&#8217;Ufficio Mobility (centrale) in autonomia.\u00a0<\/p>\t\t\t    <\/div>\n                                                \n                    <\/div>\n                <\/li>\n                    <\/ul>\n\n    <\/div>\n    <!-- \/module accordion -->\n\n\n\n<!-- module text -->\n<div  class=\"module module-text text-7217-0-1-4     tb_7p2n880\">\n        <div  class=\"tb_text_wrap\">\n    <p><a name=\"contributi\"><\/a><\/p>\n<h3 style=\"text-align: left;\">Transcript of Records (ToR)<\/h3>    <\/div>\n<\/div>\n<!-- \/module text -->\n\n\n\n    <!-- module accordion -->\n    <div  class=\"module module-accordion accordion-7217-0-1-5   tb_sppz600\" data-behavior=\"accordion\" id=\"documents\">\n        \n        <ul class=\"ui module-accordion plus-icon-button  \">\n                            <li aria-expanded=\"false\">\n                    <div class=\"accordion-title\">\n                        <a href=\"#\">\n                                                        \t\t\t    <span class=\"tb_title_accordion\">L\u2019universit\u00e0 partner invier\u00e0 automaticamente il Transcript of Records all'Ufficio Mobility?<\/span>\n                        <\/a>\n                    <\/div>\n                    <div class=\"accordion-content clearfix  default-closed\">\n                        \t\t\t    <div  class=\"tb_text_wrap\">\n\t\t\t\t<p><span style=\"font-weight: 400;\">Lo studente\/la studentessa dovr\u00e0 informarsi con il partner sulle tempistiche di emissione e di invio. Ricordiamo che possiamo accettare i documenti che contengono un codice di verifica riscontrabile o una firma digitale (non \u00e9 valida la scansione di una firma). Sar\u00e0 cura dello studente\/la studentessa assicurarsi che le informazioni del documento siano complete e corrette.<\/span><\/p>\t\t\t    <\/div>\n                                                \n                    <\/div>\n                <\/li>\n                            <li aria-expanded=\"false\">\n                    <div class=\"accordion-title\">\n                        <a href=\"#\">\n                                                        \t\t\t    <span class=\"tb_title_accordion\">Lo studente pu\u00f2 inviare il Transcript of Records?<\/span>\n                        <\/a>\n                    <\/div>\n                    <div class=\"accordion-content clearfix  default-closed\">\n                        \t\t\t    <div  class=\"tb_text_wrap\">\n\t\t\t\t<p><span style=\"font-weight: 400;\">E&#8217; possibile se il Transcript of Records contiene un codice di verifica riscontrabile o una firma digitale (non \u00e8 valida la scansione di una firma). Altrimenti bisogner\u00e0 fare richiesta al partner di inviarlo direttamente a mobility.out@unipd.it<\/span><span style=\"font-weight: 400;\">. Sar\u00e0 cura dello studente\/la studentessa assicurarsi che le informazioni del documento siano complete e corrette.<\/span><\/p>\t\t\t    <\/div>\n                                                \n                    <\/div>\n                <\/li>\n                            <li aria-expanded=\"false\">\n                    <div class=\"accordion-title\">\n                        <a href=\"#\">\n                                                        \t\t\t    <span class=\"tb_title_accordion\">Lo studente pu\u00f2 inoltrare il Transcript of Records ricevuto dal partner via email?<\/span>\n                        <\/a>\n                    <\/div>\n                    <div class=\"accordion-content clearfix  default-closed\">\n                        \t\t\t    <div  class=\"tb_text_wrap\">\n\t\t\t\t<p><span style=\"font-weight: 400;\">E&#8217; possibile se il Transcript of Records contiene un codice di verifica riscontrabile o una firma digitale (non \u00e8 valida la scansione di una firma). Altrimenti bisogner\u00e0 fare richiesta al partner di inviarlo direttamente a mobility.out@unipd.it<\/span><span style=\"font-weight: 400;\">. Sar\u00e0 cura dello studente\/la studentessa assicurarsi che le informazioni del documento siano complete e corrette.<\/span><\/p>\t\t\t    <\/div>\n                                                \n                    <\/div>\n                <\/li>\n                    <\/ul>\n\n    <\/div>\n    <!-- \/module accordion -->\n\n\n\n<!-- module text -->\n<div  class=\"module module-text text-7217-0-1-6     tb_gh8r290\">\n        <div  class=\"tb_text_wrap\">\n    <p><a name=\"riconoscimento\"><\/a><\/p>\n<h3>Riconoscimento crediti e ottenimento titolo<\/h3>    <\/div>\n<\/div>\n<!-- \/module text -->\n\n\n\n    <!-- module accordion -->\n    <div  class=\"module module-accordion accordion-7217-0-1-7   tb_v3j7800\" data-behavior=\"accordion\" id=\"uniweb\">\n        \n        <ul class=\"ui module-accordion plus-icon-button  \">\n                            <li aria-expanded=\"false\">\n                    <div class=\"accordion-title\">\n                        <a href=\"#\">\n                                                        \t\t\t    <span class=\"tb_title_accordion\">Quando saranno verbalizzati i crediti acquisiti in mobilit\u00e0?<\/span>\n                        <\/a>\n                    <\/div>\n                    <div class=\"accordion-content clearfix  default-closed\">\n                        \t\t\t    <div  class=\"tb_text_wrap\">\n\t\t\t\t<p>Dopo la chiusura della pratica di mobilit\u00e0, una copia protetta del Transcript of Records sar\u00e0 inviata all&#8217;ufficio preposto presso il Dipartimento per procedere con il riconoscimento delle attivit\u00e0.<\/p>\t\t\t    <\/div>\n                                                \n                    <\/div>\n                <\/li>\n                            <li aria-expanded=\"false\">\n                    <div class=\"accordion-title\">\n                        <a href=\"#\">\n                                                        \t\t\t    <span class=\"tb_title_accordion\">Come bisogna procedere in caso di urgenza di avere i crediti riconosciuti?<\/span>\n                        <\/a>\n                    <\/div>\n                    <div class=\"accordion-content clearfix  default-closed\">\n                        \t\t\t    <div  class=\"tb_text_wrap\">\n\t\t\t\t<p><span style=\"font-weight: 400;\">Bisogna assicurarsi che tutti i documenti di fine mobilit\u00e0 siano stati consegnati e che il Transcript of Records sia arrivato; si deve inviare una mail a mobility.out@unipd.it<\/span><span style=\"font-weight: 400;\"> con questo specifico oggetto: URGENTE &#8211; Riconoscimento esami &#8211; *nome, cognome e matricola* e informare il Dipartimento.<\/span><\/p>\t\t\t    <\/div>\n                                                \n                    <\/div>\n                <\/li>\n                    <\/ul>\n\n    <\/div>\n    <!-- \/module accordion -->\n\n\t        <\/div>\n\t    \t<\/div>\n\t\t    <\/div>\n\t    <!-- \/row_inner -->\n\t<\/div>\n\t<!-- \/module_row -->\n\t\t<!-- module_row -->\n\t<div  class=\"themify_builder_row module_row clearfix module_row_1 themify_builder_7217_row module_row_7217-1 tb_580e606\">\n\t    \t    <div class=\"row_inner col_align_top\" >\n\t\t\t<div  class=\"module_column tb-column col-full first tb_7217_column module_column_0 module_column_7217-1-0 tb_8ggu096\" >\n\t    \t    \t        <div class=\"tb-column-inner\">\n\t\t    \n\n    <!-- module divider -->\n    <div  class=\"module module-divider divider-7217-1-0-0 dashed     tb_diog176\" style=\"border-width: 1px;border-color: #000000;\">\n            <\/div>\n    <!-- \/module divider -->\n\n\t        <\/div>\n\t    \t<\/div>\n\t\t    <\/div>\n\t    <!-- \/row_inner -->\n\t<\/div>\n\t<!-- \/module_row -->\n\t\t<!-- module_row -->\n\t<div  class=\"themify_builder_row module_row clearfix module_row_2 themify_builder_7217_row module_row_7217-2 tb_k14u100\">\n\t    \t    <div class=\"row_inner col_align_top\" >\n\t\t\t<div  class=\"module_column tb-column col-full first tb_7217_column module_column_0 module_column_7217-2-0 tb_rmvd960\" >\n\t    \t    \t<\/div>\n\t\t    <\/div>\n\t    <!-- \/row_inner -->\n\t<\/div>\n\t<!-- \/module_row -->\n\t<\/div>\n<p>&nbsp;<\/p>\n","protected":false},"excerpt":{"rendered":"<p>&lt; HOME FAQ \u2013 Erasmus+ Study and SEMP FAQ \u2013 Erasmus+ Studio e SEMP \u2013 Application FAQ \u2013 Erasmus+ Studio e SEMP \u2013 Before the Mobility FAQ \u2013 Erasmus+ Studio e SEMP \u2013 During the Mobility FAQ \u2013 Erasmus+ Studio e SEMP \u2013 After the Mobility FAQ \u2013 Erasmus+ Studio e SEMP \u2013 Contributions FAQ [&hellip;]<\/p>\n","protected":false},"author":38,"featured_media":0,"parent":7227,"menu_order":0,"comment_status":"closed","ping_status":"closed","template":"","meta":{"footnotes":""},"class_list":["post-7217","page","type-page","status-publish","hentry","has-post-title","has-post-date","has-post-category","has-post-tag","has-post-comment","has-post-author",""],"jetpack_sharing_enabled":true,"_links":{"self":[{"href":"https:\/\/web.unipd.it\/international\/it\/wp-json\/wp\/v2\/pages\/7217","targetHints":{"allow":["GET"]}}],"collection":[{"href":"https:\/\/web.unipd.it\/international\/it\/wp-json\/wp\/v2\/pages"}],"about":[{"href":"https:\/\/web.unipd.it\/international\/it\/wp-json\/wp\/v2\/types\/page"}],"author":[{"embeddable":true,"href":"https:\/\/web.unipd.it\/international\/it\/wp-json\/wp\/v2\/users\/38"}],"replies":[{"embeddable":true,"href":"https:\/\/web.unipd.it\/international\/it\/wp-json\/wp\/v2\/comments?post=7217"}],"version-history":[{"count":10,"href":"https:\/\/web.unipd.it\/international\/it\/wp-json\/wp\/v2\/pages\/7217\/revisions"}],"predecessor-version":[{"id":8712,"href":"https:\/\/web.unipd.it\/international\/it\/wp-json\/wp\/v2\/pages\/7217\/revisions\/8712"}],"up":[{"embeddable":true,"href":"https:\/\/web.unipd.it\/international\/it\/wp-json\/wp\/v2\/pages\/7227"}],"wp:attachment":[{"href":"https:\/\/web.unipd.it\/international\/it\/wp-json\/wp\/v2\/media?parent=7217"}],"curies":[{"name":"wp","href":"https:\/\/api.w.org\/{rel}","templated":true}]}}