{"id":7207,"date":"2023-11-15T13:03:17","date_gmt":"2023-11-15T12:03:17","guid":{"rendered":"https:\/\/web.unipd.it\/international\/dd-fuori-europa_durante-mobilita\/"},"modified":"2024-05-31T15:58:00","modified_gmt":"2024-05-31T13:58:00","slug":"dd-fuori-europa_durante-mobilita","status":"publish","type":"page","link":"https:\/\/web.unipd.it\/international\/it\/faq-mobility\/dd-fuori-europa_durante-mobilita\/","title":{"rendered":"FAQ &#8211; Doppi titoli fuori Europa &#8211; Durante la mobilit\u00e0"},"content":{"rendered":"<div id=\"themify_builder_content-7207\" data-postid=\"7207\" class=\"themify_builder_content themify_builder_content-7207 themify_builder\">\n    \t<!-- module_row -->\n\t<div  class=\"themify_builder_row module_row clearfix module_row_0 themify_builder_7207_row module_row_7207-0 tb_5jwr14\">\n\t    \t    <div class=\"row_inner col_align_top\" >\n\t\t\t<div  class=\"module_column tb-column col2-1 first tb_7207_column module_column_0 module_column_7207-0-0 tb_ebzt15\" style=\"width: 26.8%\" >\n\t    \t    \t        <div class=\"tb-column-inner\">\n\t\t    \n\n<!-- module text -->\n<div  class=\"module module-text text-7207-0-0-0     tb_bj7j422\">\n        <div  class=\"tb_text_wrap\">\n    <p><strong>< <a href=\"https:\/\/web.unipd.it\/international\/faq-mobility\/\">HOME<\/a><\/strong><\/p>    <\/div>\n<\/div>\n<!-- \/module text -->\n\n\n\n    <!-- module menu -->\n    <div  class=\"module module-menu menu-7207-0-0-1   tb_39987 mobile-menu-slide tb-align-left\" data-menu-style=\"mobile-menu-slide\" data-element-id=\"tb_39987\">\n        \n        <div class=\"module-menu-container tb-align-left\"><ul id=\"menu-faq-mobility-it\" class=\"ui nav fullwidth transparent \"><li id=\"menu-item-wpml-ls-27-it\" class=\"menu-item wpml-ls-slot-27 wpml-ls-item wpml-ls-item-it wpml-ls-current-language wpml-ls-menu-item wpml-ls-last-item menu-item-type-wpml_ls_menu_item menu-item-object-wpml_ls_menu_item menu-item-has-children menu-item-wpml-ls-27-it\"><a href=\"https:\/\/web.unipd.it\/international\/it\/\" role=\"menuitem\"><img data-recalc-dims=\"1\" decoding=\"async\"\n            class=\"wpml-ls-flag\"\n            src=\"https:\/\/i0.wp.com\/web.unipd.it\/international\/wp-content\/plugins\/sitepress-multilingual-cms\/res\/flags\/it.png?w=1165&#038;ssl=1\"\n            alt=\"\"\n            \n            \n    \/><span class=\"wpml-ls-native\" lang=\"it\">Italiano<\/span><\/a>\n<ul class=\"sub-menu\">\n\t<li id=\"menu-item-wpml-ls-27-en\" class=\"menu-item wpml-ls-slot-27 wpml-ls-item wpml-ls-item-en wpml-ls-menu-item wpml-ls-first-item menu-item-type-wpml_ls_menu_item menu-item-object-wpml_ls_menu_item menu-item-wpml-ls-27-en\"><a href=\"https:\/\/web.unipd.it\/international\/\" title=\"Passa a English\" aria-label=\"Passa a English\" role=\"menuitem\"><img data-recalc-dims=\"1\" decoding=\"async\"\n            class=\"wpml-ls-flag\"\n            src=\"https:\/\/i0.wp.com\/web.unipd.it\/international\/wp-content\/plugins\/sitepress-multilingual-cms\/res\/flags\/en.png?w=1165&#038;ssl=1\"\n            alt=\"\"\n            \n            \n    \/><span class=\"wpml-ls-native\" lang=\"en\">English<\/span><\/a><\/li>\n<\/ul>\n<\/li>\n<li id=\"menu-item-7144\" class=\"menu-item menu-item-type-post_type menu-item-object-page menu-item-has-children has-sub-menu menu-item-7144\"><a href=\"https:\/\/web.unipd.it\/international\/it\/faq-mobility\/erasmus-studio-semp_prima_di_partire\/\">FAQ \u2013 Erasmus+ Studio e SEMP \u2013 Prima di partire<\/a>\n<ul class=\"sub-menu\">\n\t<li id=\"menu-item-7137\" class=\"menu-item menu-item-type-post_type menu-item-object-page menu-item-7137\"><a href=\"https:\/\/web.unipd.it\/international\/it\/faq-mobility\/erasmus-studio-semp_fare_domanda\/\">FAQ \u2013 Erasmus+ Studio e SEMP \u2013 Fare domanda<\/a><\/li>\n\t<li id=\"menu-item-7646\" class=\"menu-item menu-item-type-post_type menu-item-object-page menu-item-7646\"><a href=\"https:\/\/web.unipd.it\/international\/it\/faq-mobility\/erasmus-studio-semp_prima_di_partire\/\">FAQ \u2013 Erasmus+ Studio e SEMP \u2013 Prima di partire<\/a><\/li>\n\t<li id=\"menu-item-7149\" class=\"menu-item menu-item-type-post_type menu-item-object-page menu-item-7149\"><a href=\"https:\/\/web.unipd.it\/international\/it\/faq-mobility\/erasmus-studio-semp_durante_la_mobilita\/\">FAQ \u2013 Erasmus+ Studio e SEMP \u2013 Durante la mobilit\u00e0<\/a><\/li>\n\t<li id=\"menu-item-7154\" class=\"menu-item menu-item-type-post_type menu-item-object-page menu-item-7154\"><a href=\"https:\/\/web.unipd.it\/international\/it\/faq-mobility\/erasmus-studio-semp_al_rientro\/\">FAQ \u2013 Erasmus+ Studio e SEMP \u2013 Al rientro<\/a><\/li>\n\t<li id=\"menu-item-7159\" class=\"menu-item menu-item-type-post_type menu-item-object-page menu-item-7159\"><a href=\"https:\/\/web.unipd.it\/international\/it\/faq-mobility\/erasmus-studio-semp_contributi\/\">FAQ \u2013 Erasmus+ Studio e SEMP \u2013 Contributi<\/a><\/li>\n<\/ul>\n<\/li>\n<li id=\"menu-item-7164\" class=\"menu-item menu-item-type-post_type menu-item-object-page menu-item-has-children has-sub-menu menu-item-7164\"><a href=\"https:\/\/web.unipd.it\/international\/it\/faq-mobility\/ulisse_fare_domanda\/\">FAQ \u2013 Ulisse \u2013 Fare domanda<\/a>\n<ul class=\"sub-menu\">\n\t<li id=\"menu-item-7647\" class=\"menu-item menu-item-type-post_type menu-item-object-page menu-item-7647\"><a href=\"https:\/\/web.unipd.it\/international\/it\/faq-mobility\/ulisse_prima_di_partire\/\">FAQ \u2013 Ulisse \u2013 Prima di partire<\/a><\/li>\n\t<li id=\"menu-item-7648\" class=\"menu-item menu-item-type-post_type menu-item-object-page menu-item-7648\"><a href=\"https:\/\/web.unipd.it\/international\/it\/faq-mobility\/ulisse_durante_la_mobilita\/\">FAQ \u2013 Ulisse \u2013 Durante la mobilit\u00e0<\/a><\/li>\n\t<li id=\"menu-item-7649\" class=\"menu-item menu-item-type-post_type menu-item-object-page menu-item-7649\"><a href=\"https:\/\/web.unipd.it\/international\/it\/faq-mobility\/ulisse_al_rientro\/\">FAQ \u2013 Ulisse \u2013 Al rientro<\/a><\/li>\n\t<li id=\"menu-item-7178\" class=\"menu-item menu-item-type-post_type menu-item-object-page menu-item-7178\"><a href=\"https:\/\/web.unipd.it\/international\/it\/faq-mobility\/ulisse_contributi\/\">FAQ \u2013 Ulisse \u2013 Contributi<\/a><\/li>\n<\/ul>\n<\/li>\n<li id=\"menu-item-7183\" class=\"menu-item menu-item-type-post_type menu-item-object-page menu-item-has-children has-sub-menu menu-item-7183\"><a href=\"https:\/\/web.unipd.it\/international\/it\/faq-mobility\/doppi-titoli_fare-domanda\/\">FAQ \u2013 Doppi titoli \u2013 Fare domanda<\/a>\n<ul class=\"sub-menu\">\n\t<li id=\"menu-item-7650\" class=\"menu-item menu-item-type-post_type menu-item-object-page menu-item-7650\"><a href=\"https:\/\/web.unipd.it\/international\/it\/faq-mobility\/dd-in-europa_primadipartire\/\">FAQ \u2013 Doppi titoli in Europa \u2013 Prima di partire<\/a><\/li>\n\t<li id=\"menu-item-7188\" class=\"menu-item menu-item-type-post_type menu-item-object-page menu-item-7188\"><a href=\"https:\/\/web.unipd.it\/international\/it\/faq-mobility\/dd-in-europa_durante-mobilita\/\">FAQ \u2013 Doppi titoli in Europa \u2013 Durante la mobilit\u00e0<\/a><\/li>\n\t<li id=\"menu-item-7193\" class=\"menu-item menu-item-type-post_type menu-item-object-page menu-item-7193\"><a href=\"https:\/\/web.unipd.it\/international\/it\/faq-mobility\/dd-in-europa_al-rientro\/\">FAQ \u2013 Doppi titoli in Europa \u2013 Al rientro<\/a><\/li>\n\t<li id=\"menu-item-7198\" class=\"menu-item menu-item-type-post_type menu-item-object-page menu-item-7198\"><a href=\"https:\/\/web.unipd.it\/international\/it\/faq-mobility\/dd-in-europa_contributi\/\">FAQ \u2013 Doppi titoli in Europa \u2013 Contributi<\/a><\/li>\n\t<li id=\"menu-item-7203\" class=\"menu-item menu-item-type-post_type menu-item-object-page menu-item-7203\"><a href=\"https:\/\/web.unipd.it\/international\/it\/faq-mobility\/dd-fuori-europa_primadipartire\/\">FAQ \u2013 Doppi titoli fuori Europa \u2013 Prima di partire<\/a><\/li>\n\t<li id=\"menu-item-7208\" class=\"menu-item menu-item-type-post_type menu-item-object-page menu-item-7208\"><a href=\"https:\/\/web.unipd.it\/international\/it\/faq-mobility\/dd-fuori-europa_durante-mobilita\/\">FAQ \u2013 Doppi titoli fuori Europa \u2013 Durante la mobilit\u00e0<\/a><\/li>\n\t<li id=\"menu-item-7213\" class=\"menu-item menu-item-type-post_type menu-item-object-page menu-item-7213\"><a href=\"https:\/\/web.unipd.it\/international\/it\/faq-mobility\/dd-fuori-europa_contributi\/\">FAQ \u2013 Doppi titoli fuori Europa \u2013 Contributi<\/a><\/li>\n\t<li id=\"menu-item-7218\" class=\"menu-item menu-item-type-post_type menu-item-object-page menu-item-7218\"><a href=\"https:\/\/web.unipd.it\/international\/it\/faq-mobility\/dd-fuori-europa_al-rientro\/\">FAQ \u2013 Doppi titoli fuori Europa \u2013 Al rientro<\/a><\/li>\n<\/ul>\n<\/li>\n<li id=\"menu-item-7223\" class=\"menu-item menu-item-type-post_type menu-item-object-page menu-item-7223\"><a href=\"https:\/\/web.unipd.it\/international\/it\/faq-mobility\/bip\/\">FAQ \u2013 Blended Intensive Programmes (BIP)<\/a><\/li>\n<\/ul><\/div>    <\/div>\n    <!-- \/module menu -->\n\n\t        <\/div>\n\t    \t<\/div>\n\t\t<div  class=\"module_column tb-column col2-1 last tb_7207_column module_column_1 module_column_7207-0-1 tb_jn6816\" style=\"width: 70%\" >\n\t    \t    \t        <div class=\"tb-column-inner\">\n\t\t    \n\n<!-- module text -->\n<div  class=\"module module-text text-7207-0-1-0     tb_0gmc281\">\n        <div  class=\"tb_text_wrap\">\n    <h3 style=\"text-align: center;\">Doppi titoli fuori Europa<\/h3>\n<p style=\"text-align: center;\">Durante la mobilit\u00e0<\/p>    <\/div>\n<\/div>\n<!-- \/module text -->\n\n\n\n    <!-- module buttons -->\n    <div  class=\"module module-buttons buttons-7207-0-1-1   normal outline rounded tb-align-center tb_gzbl295\">\n        \t<div class=\"module-buttons\">\n                            <div class=\"module-buttons-item  buttons-horizontal\">\n\t\t    \t\t\t<a href=\"#documentiinizio\" class=\"ui builder_button red\" >\n\t\t    \t\t    \t\t\t<span>Documenti di inizio mobilit\u00e0<\/span>\n\t\t    \t\t    \t\t\t<\/a>\n\t\t                    <\/div>\n                            <div class=\"module-buttons-item  buttons-horizontal\">\n\t\t    \t\t\t<a href=\"#modificareLA\" class=\"ui builder_button red\" >\n\t\t    \t\t    \t\t\t<span>Learning Agreement (LA)<\/span>\n\t\t    \t\t    \t\t\t<\/a>\n\t\t                    <\/div>\n                    <\/div>\n    <\/div>\n    <!-- \/module buttons -->\n\n\n\n<!-- module text -->\n<div  class=\"module module-text text-7207-0-1-2     tb_tzay436\">\n        <div  class=\"tb_text_wrap\">\n    <p><a name=\"documentiinizio\"><\/a><\/p>\n<h3 style=\"text-align: left;\">Documenti di inizio mobilit\u00e0<\/h3>\n    <\/div>\n<\/div>\n<!-- \/module text -->\n\n\n\n    <!-- module accordion -->\n    <div  class=\"module module-accordion accordion-7207-0-1-3   tb_gpda198\" data-behavior=\"toggle\" id=\"procedure\">\n        \n        <ul class=\"ui module-accordion plus-icon-button  \">\n                            <li aria-expanded=\"false\">\n                    <div class=\"accordion-title\">\n                        <a href=\"#\">\n                                                        \t\t\t    <span class=\"tb_title_accordion\">Che cos'\u00e8 la Nomination?<\/span>\n                        <\/a>\n                    <\/div>\n                    <div class=\"accordion-content clearfix  default-closed\">\n                        \t\t\t    <div  class=\"tb_text_wrap\">\n\t\t\t\t<p>In seguito all&#8217;assegnazione del posto di mobilit\u00e0 e accettazione da parte dello studente, il <b>Dipartimento<\/b>\u00a0provveder\u00e0 a comunicare il nominativo dello studente all&#8217;universit\u00e0 partner nelle finestre di tempo dedicate, questo procedimento \u00e8 conosciuto con il nome Nomination.\u00a0<\/p>\t\t\t    <\/div>\n                                                \n                    <\/div>\n                <\/li>\n                            <li aria-expanded=\"false\">\n                    <div class=\"accordion-title\">\n                        <a href=\"#\">\n                                                        \t\t\t    <span class=\"tb_title_accordion\">Quando si deve fare l'Application?<\/span>\n                        <\/a>\n                    <\/div>\n                    <div class=\"accordion-content clearfix  default-closed\">\n                        \t\t\t    <div  class=\"tb_text_wrap\">\n\t\t\t\t<p>Dopo la Nomination dello studente da parte del Dipartimento, generalmente l&#8217;universit\u00e0 partner contatta lo studente e gli fornisce tutte le indicazioni per procedere con la fase di iscrizione all&#8217;universit\u00e0 partner (Application).<\/p>\n<p>In alcuni casi, invece, lo studente deve procedere autonomamente seguendo le indicazioni del sito dell&#8217;universit\u00e0 partner\u00a0<\/p>\t\t\t    <\/div>\n                                                \n                    <\/div>\n                <\/li>\n                            <li aria-expanded=\"false\">\n                    <div class=\"accordion-title\">\n                        <a href=\"#\">\n                                                        \t\t\t    <span class=\"tb_title_accordion\">Chi deve firmare l'Attendance Certificate?<\/span>\n                        <\/a>\n                    <\/div>\n                    <div class=\"accordion-content clearfix  default-closed\">\n                        \t\t\t    <div  class=\"tb_text_wrap\">\n\t\t\t\t<p>Il partner dovr\u00e0 firmare il tuo Attendance Certificate, chiedi maggiori informazioni al partner per l\u2019iter da seguire e per capire quale data inserir\u00e0.<\/p>\t\t\t    <\/div>\n                                                \n                    <\/div>\n                <\/li>\n                            <li aria-expanded=\"false\">\n                    <div class=\"accordion-title\">\n                        <a href=\"#\">\n                                                        \t\t\t    <span class=\"tb_title_accordion\">E' richiesta la Nomination letter\/Dichiarazione Erasmus, come si richiede il documento?<\/span>\n                        <\/a>\n                    <\/div>\n                    <div class=\"accordion-content clearfix  default-closed\">\n                        \t\t\t    <div  class=\"tb_text_wrap\">\n\t\t\t\t<p>La Dichiarazione dello Status Studente di Doppio Titolo (conosciuta anche come Nomination letter) \u00e8 elaborata ed emessa dalla Mobility Unit (Ufficio Centrale); qualora il documento fosse richiesto dall&#8217;universit\u00e0 partner o necessario per altre procedure pre partenza \u00e8 possibile farne richiesta attraverso il <a href=\"https:\/\/web.unipd.it\/international\/it\/contact-form-doppi-titoli\/\"><strong>contact form qui.<\/strong><\/a><\/p>\t\t\t    <\/div>\n                                                \n                    <\/div>\n                <\/li>\n                            <li aria-expanded=\"false\">\n                    <div class=\"accordion-title\">\n                        <a href=\"#\">\n                                                        \t\t\t    <span class=\"tb_title_accordion\">E' richiesto il Transcript of Records, come si richiede il documento?<\/span>\n                        <\/a>\n                    <\/div>\n                    <div class=\"accordion-content clearfix  default-closed\">\n                        \t\t\t    <div  class=\"tb_text_wrap\">\n\t\t\t\t<p>E&#8217; possibile ricevere il Transcript of Records facendone richiesta all&#8217; Ufficio Carriere Studenti, per maggiori informazioni: <strong><a href=\"https:\/\/www.unipd.it\/certificati\">https:\/\/www.unipd.it\/certificati<\/a><\/strong><\/p>\t\t\t    <\/div>\n                                                \n                    <\/div>\n                <\/li>\n                    <\/ul>\n\n    <\/div>\n    <!-- \/module accordion -->\n\n\n\n<!-- module text -->\n<div  class=\"module module-text text-7207-0-1-4     tb_rcgp669\">\n        <div  class=\"tb_text_wrap\">\n    <p><a name=\"modificareLA\"><\/a><\/p>\n<h3 style=\"text-align: left;\">Modificare Online Learning Agreement (OLA)<\/h3>    <\/div>\n<\/div>\n<!-- \/module text -->\n\n\n\n    <!-- module accordion -->\n    <div  class=\"module module-accordion accordion-7207-0-1-5   tb_2i7h503\" data-behavior=\"accordion\" id=\"uniweb\">\n        \n        <ul class=\"ui module-accordion plus-icon-button  \">\n                            <li aria-expanded=\"false\">\n                    <div class=\"accordion-title\">\n                        <a href=\"#\">\n                                                        \t\t\t    <span class=\"tb_title_accordion\">Dove bisogna caricare l\u2019Online Learning Agreement (OLA) dopo averlo modificato?<\/span>\n                        <\/a>\n                    <\/div>\n                    <div class=\"accordion-content clearfix  default-closed\">\n                        \t\t\t    <div  class=\"tb_text_wrap\">\n\t\t\t\t<p>Se i documenti di inizio mobilit\u00e0 sono gi\u00e0 stati caricati una volta ed \u00e8 stato registrato correttamente l&#8217;arrivo a destinazione della studentessa\/dello studente non \u00e8 necessario ricaricare l\u2019OLA. L&#8217;OLA andr\u00e0 conservato e caricato alla fine della mobilit\u00e0.<\/p>\t\t\t    <\/div>\n                                                \n                    <\/div>\n                <\/li>\n                            <li aria-expanded=\"false\">\n                    <div class=\"accordion-title\">\n                        <a href=\"#\">\n                                                        \t\t\t    <span class=\"tb_title_accordion\">Come e quando modificare l\u2019Online Learning Agreement?<\/span>\n                        <\/a>\n                    <\/div>\n                    <div class=\"accordion-content clearfix  default-closed\">\n                        \t\t\t    <div  class=\"tb_text_wrap\">\n\t\t\t\t<p><span style=\"font-weight: 400;\">Si pu\u00f2 modificare l\u2019OLA in Uniweb cliccando su Presenta nuovo LA. Dato che c\u2019\u00e8 un numero limitato volte per le modifiche dell\u2019OLA su Uniweb, consigliamo di apportare le eventuali modifiche nel minor numero possibile di tentativi, in caso di dubbio \u00e8 possibile salvare in Bozza e chiedere assistenza al proprio Dipartimento.<\/span><\/p>\t\t\t    <\/div>\n                                                \n                    <\/div>\n                <\/li>\n                    <\/ul>\n\n    <\/div>\n    <!-- \/module accordion -->\n\n\t        <\/div>\n\t    \t<\/div>\n\t\t    <\/div>\n\t    <!-- \/row_inner -->\n\t<\/div>\n\t<!-- \/module_row -->\n\t\t<!-- module_row -->\n\t<div  class=\"themify_builder_row module_row clearfix module_row_1 themify_builder_7207_row module_row_7207-1 tb_7no9217\">\n\t    \t    <div class=\"row_inner col_align_top\" >\n\t\t\t<div  class=\"module_column tb-column col-full first tb_7207_column module_column_0 module_column_7207-1-0 tb_fryr218\" >\n\t    \t    \t        <div class=\"tb-column-inner\">\n\t\t    \n\n    <!-- module divider -->\n    <div  class=\"module module-divider divider-7207-1-0-0 dashed     tb_tosh274\" style=\"border-width: 1px;border-color: #000000;\">\n            <\/div>\n    <!-- \/module divider -->\n\n\t        <\/div>\n\t    \t<\/div>\n\t\t    <\/div>\n\t    <!-- \/row_inner -->\n\t<\/div>\n\t<!-- \/module_row -->\n\t\t<!-- module_row -->\n\t<div  class=\"themify_builder_row module_row clearfix module_row_2 themify_builder_7207_row module_row_7207-2 tb_wv8n262\">\n\t    \t    <div class=\"row_inner col_align_top\" >\n\t\t\t<div  class=\"module_column tb-column col-full first tb_7207_column module_column_0 module_column_7207-2-0 tb_obzm750\" >\n\t    \t    \t<\/div>\n\t\t    <\/div>\n\t    <!-- \/row_inner -->\n\t<\/div>\n\t<!-- \/module_row -->\n\t<\/div>\n<p>&nbsp;<\/p>\n","protected":false},"excerpt":{"rendered":"<p>&lt; HOME FAQ \u2013 Erasmus+ Study and SEMP FAQ \u2013 Erasmus+ Studio e SEMP \u2013 Application FAQ \u2013 Erasmus+ Studio e SEMP \u2013 Before the Mobility FAQ \u2013 Erasmus+ Studio e SEMP \u2013 During the Mobility FAQ \u2013 Erasmus+ Studio e SEMP \u2013 After the Mobility FAQ \u2013 Erasmus+ Studio e SEMP \u2013 Contributions FAQ [&hellip;]<\/p>\n","protected":false},"author":38,"featured_media":0,"parent":7227,"menu_order":0,"comment_status":"closed","ping_status":"closed","template":"","meta":{"footnotes":""},"class_list":["post-7207","page","type-page","status-publish","hentry","has-post-title","has-post-date","has-post-category","has-post-tag","has-post-comment","has-post-author",""],"jetpack_sharing_enabled":true,"_links":{"self":[{"href":"https:\/\/web.unipd.it\/international\/it\/wp-json\/wp\/v2\/pages\/7207","targetHints":{"allow":["GET"]}}],"collection":[{"href":"https:\/\/web.unipd.it\/international\/it\/wp-json\/wp\/v2\/pages"}],"about":[{"href":"https:\/\/web.unipd.it\/international\/it\/wp-json\/wp\/v2\/types\/page"}],"author":[{"embeddable":true,"href":"https:\/\/web.unipd.it\/international\/it\/wp-json\/wp\/v2\/users\/38"}],"replies":[{"embeddable":true,"href":"https:\/\/web.unipd.it\/international\/it\/wp-json\/wp\/v2\/comments?post=7207"}],"version-history":[{"count":8,"href":"https:\/\/web.unipd.it\/international\/it\/wp-json\/wp\/v2\/pages\/7207\/revisions"}],"predecessor-version":[{"id":8653,"href":"https:\/\/web.unipd.it\/international\/it\/wp-json\/wp\/v2\/pages\/7207\/revisions\/8653"}],"up":[{"embeddable":true,"href":"https:\/\/web.unipd.it\/international\/it\/wp-json\/wp\/v2\/pages\/7227"}],"wp:attachment":[{"href":"https:\/\/web.unipd.it\/international\/it\/wp-json\/wp\/v2\/media?parent=7207"}],"curies":[{"name":"wp","href":"https:\/\/api.w.org\/{rel}","templated":true}]}}