{"id":7197,"date":"2023-11-15T12:50:22","date_gmt":"2023-11-15T11:50:22","guid":{"rendered":"https:\/\/web.unipd.it\/international\/dd-in-europa_contributi\/"},"modified":"2024-06-20T09:38:57","modified_gmt":"2024-06-20T07:38:57","slug":"dd-in-europa_contributi","status":"publish","type":"page","link":"https:\/\/web.unipd.it\/international\/it\/faq-mobility\/dd-in-europa_contributi\/","title":{"rendered":"FAQ &#8211; Doppi titoli in Europa &#8211; Contributi"},"content":{"rendered":"<div id=\"themify_builder_content-7197\" data-postid=\"7197\" class=\"themify_builder_content themify_builder_content-7197 themify_builder\">\n    \t<!-- module_row -->\n\t<div  class=\"themify_builder_row module_row clearfix module_row_0 themify_builder_7197_row module_row_7197-0 tb_e71m268\">\n\t    \t    <div class=\"row_inner col_align_top\" >\n\t\t\t<div  class=\"module_column tb-column col2-1 first tb_7197_column module_column_0 module_column_7197-0-0 tb_hueg900\" style=\"width: 26.8%\" >\n\t    \t    \t        <div class=\"tb-column-inner\">\n\t\t    \n\n<!-- module text -->\n<div  class=\"module module-text text-7197-0-0-0     tb_qlcz034\">\n        <div  class=\"tb_text_wrap\">\n    <p><strong>< <a href=\"https:\/\/web.unipd.it\/international\/faq-mobility\/\">HOME<\/a><\/strong><\/p>    <\/div>\n<\/div>\n<!-- \/module text -->\n\n\n\n    <!-- module menu -->\n    <div  class=\"module module-menu menu-7197-0-0-1   tb_gazf033 mobile-menu-slide tb-align-left\" data-menu-style=\"mobile-menu-slide\" data-element-id=\"tb_gazf033\">\n        \n        <div class=\"module-menu-container tb-align-left\"><ul id=\"menu-faq-mobility-it\" class=\"ui nav fullwidth transparent \"><li id=\"menu-item-wpml-ls-27-it\" class=\"menu-item wpml-ls-slot-27 wpml-ls-item wpml-ls-item-it wpml-ls-current-language wpml-ls-menu-item wpml-ls-last-item menu-item-type-wpml_ls_menu_item menu-item-object-wpml_ls_menu_item menu-item-has-children menu-item-wpml-ls-27-it\"><a href=\"https:\/\/web.unipd.it\/international\/it\/\" role=\"menuitem\"><img data-recalc-dims=\"1\" decoding=\"async\"\n            class=\"wpml-ls-flag\"\n            src=\"https:\/\/i0.wp.com\/web.unipd.it\/international\/wp-content\/plugins\/sitepress-multilingual-cms\/res\/flags\/it.png?w=1165&#038;ssl=1\"\n            alt=\"\"\n            \n            \n    \/><span class=\"wpml-ls-native\" lang=\"it\">Italiano<\/span><\/a>\n<ul class=\"sub-menu\">\n\t<li id=\"menu-item-wpml-ls-27-en\" class=\"menu-item wpml-ls-slot-27 wpml-ls-item wpml-ls-item-en wpml-ls-menu-item wpml-ls-first-item menu-item-type-wpml_ls_menu_item menu-item-object-wpml_ls_menu_item menu-item-wpml-ls-27-en\"><a href=\"https:\/\/web.unipd.it\/international\/\" title=\"Passa a English\" aria-label=\"Passa a English\" role=\"menuitem\"><img data-recalc-dims=\"1\" decoding=\"async\"\n            class=\"wpml-ls-flag\"\n            src=\"https:\/\/i0.wp.com\/web.unipd.it\/international\/wp-content\/plugins\/sitepress-multilingual-cms\/res\/flags\/en.png?w=1165&#038;ssl=1\"\n            alt=\"\"\n            \n            \n    \/><span class=\"wpml-ls-native\" lang=\"en\">English<\/span><\/a><\/li>\n<\/ul>\n<\/li>\n<li id=\"menu-item-7144\" class=\"menu-item menu-item-type-post_type menu-item-object-page menu-item-has-children has-sub-menu menu-item-7144\"><a href=\"https:\/\/web.unipd.it\/international\/it\/faq-mobility\/erasmus-studio-semp_prima_di_partire\/\">FAQ \u2013 Erasmus+ Studio e SEMP \u2013 Prima di partire<\/a>\n<ul class=\"sub-menu\">\n\t<li id=\"menu-item-7137\" class=\"menu-item menu-item-type-post_type menu-item-object-page menu-item-7137\"><a href=\"https:\/\/web.unipd.it\/international\/it\/faq-mobility\/erasmus-studio-semp_fare_domanda\/\">FAQ \u2013 Erasmus+ Studio e SEMP \u2013 Fare domanda<\/a><\/li>\n\t<li id=\"menu-item-7646\" class=\"menu-item menu-item-type-post_type menu-item-object-page menu-item-7646\"><a href=\"https:\/\/web.unipd.it\/international\/it\/faq-mobility\/erasmus-studio-semp_prima_di_partire\/\">FAQ \u2013 Erasmus+ Studio e SEMP \u2013 Prima di partire<\/a><\/li>\n\t<li id=\"menu-item-7149\" class=\"menu-item menu-item-type-post_type menu-item-object-page menu-item-7149\"><a href=\"https:\/\/web.unipd.it\/international\/it\/faq-mobility\/erasmus-studio-semp_durante_la_mobilita\/\">FAQ \u2013 Erasmus+ Studio e SEMP \u2013 Durante la mobilit\u00e0<\/a><\/li>\n\t<li id=\"menu-item-7154\" class=\"menu-item menu-item-type-post_type menu-item-object-page menu-item-7154\"><a href=\"https:\/\/web.unipd.it\/international\/it\/faq-mobility\/erasmus-studio-semp_al_rientro\/\">FAQ \u2013 Erasmus+ Studio e SEMP \u2013 Al rientro<\/a><\/li>\n\t<li id=\"menu-item-7159\" class=\"menu-item menu-item-type-post_type menu-item-object-page menu-item-7159\"><a href=\"https:\/\/web.unipd.it\/international\/it\/faq-mobility\/erasmus-studio-semp_contributi\/\">FAQ \u2013 Erasmus+ Studio e SEMP \u2013 Contributi<\/a><\/li>\n<\/ul>\n<\/li>\n<li id=\"menu-item-7164\" class=\"menu-item menu-item-type-post_type menu-item-object-page menu-item-has-children has-sub-menu menu-item-7164\"><a href=\"https:\/\/web.unipd.it\/international\/it\/faq-mobility\/ulisse_fare_domanda\/\">FAQ \u2013 Ulisse \u2013 Fare domanda<\/a>\n<ul class=\"sub-menu\">\n\t<li id=\"menu-item-7647\" class=\"menu-item menu-item-type-post_type menu-item-object-page menu-item-7647\"><a href=\"https:\/\/web.unipd.it\/international\/it\/faq-mobility\/ulisse_prima_di_partire\/\">FAQ \u2013 Ulisse \u2013 Prima di partire<\/a><\/li>\n\t<li id=\"menu-item-7648\" class=\"menu-item menu-item-type-post_type menu-item-object-page menu-item-7648\"><a href=\"https:\/\/web.unipd.it\/international\/it\/faq-mobility\/ulisse_durante_la_mobilita\/\">FAQ \u2013 Ulisse \u2013 Durante la mobilit\u00e0<\/a><\/li>\n\t<li id=\"menu-item-7649\" class=\"menu-item menu-item-type-post_type menu-item-object-page menu-item-7649\"><a href=\"https:\/\/web.unipd.it\/international\/it\/faq-mobility\/ulisse_al_rientro\/\">FAQ \u2013 Ulisse \u2013 Al rientro<\/a><\/li>\n\t<li id=\"menu-item-7178\" class=\"menu-item menu-item-type-post_type menu-item-object-page menu-item-7178\"><a href=\"https:\/\/web.unipd.it\/international\/it\/faq-mobility\/ulisse_contributi\/\">FAQ \u2013 Ulisse \u2013 Contributi<\/a><\/li>\n<\/ul>\n<\/li>\n<li id=\"menu-item-7183\" class=\"menu-item menu-item-type-post_type menu-item-object-page menu-item-has-children has-sub-menu menu-item-7183\"><a href=\"https:\/\/web.unipd.it\/international\/it\/faq-mobility\/doppi-titoli_fare-domanda\/\">FAQ \u2013 Doppi titoli \u2013 Fare domanda<\/a>\n<ul class=\"sub-menu\">\n\t<li id=\"menu-item-7650\" class=\"menu-item menu-item-type-post_type menu-item-object-page menu-item-7650\"><a href=\"https:\/\/web.unipd.it\/international\/it\/faq-mobility\/dd-in-europa_primadipartire\/\">FAQ \u2013 Doppi titoli in Europa \u2013 Prima di partire<\/a><\/li>\n\t<li id=\"menu-item-7188\" class=\"menu-item menu-item-type-post_type menu-item-object-page menu-item-7188\"><a href=\"https:\/\/web.unipd.it\/international\/it\/faq-mobility\/dd-in-europa_durante-mobilita\/\">FAQ \u2013 Doppi titoli in Europa \u2013 Durante la mobilit\u00e0<\/a><\/li>\n\t<li id=\"menu-item-7193\" class=\"menu-item menu-item-type-post_type menu-item-object-page menu-item-7193\"><a href=\"https:\/\/web.unipd.it\/international\/it\/faq-mobility\/dd-in-europa_al-rientro\/\">FAQ \u2013 Doppi titoli in Europa \u2013 Al rientro<\/a><\/li>\n\t<li id=\"menu-item-7198\" class=\"menu-item menu-item-type-post_type menu-item-object-page menu-item-7198\"><a href=\"https:\/\/web.unipd.it\/international\/it\/faq-mobility\/dd-in-europa_contributi\/\">FAQ \u2013 Doppi titoli in Europa \u2013 Contributi<\/a><\/li>\n\t<li id=\"menu-item-7203\" class=\"menu-item menu-item-type-post_type menu-item-object-page menu-item-7203\"><a href=\"https:\/\/web.unipd.it\/international\/it\/faq-mobility\/dd-fuori-europa_primadipartire\/\">FAQ \u2013 Doppi titoli fuori Europa \u2013 Prima di partire<\/a><\/li>\n\t<li id=\"menu-item-7208\" class=\"menu-item menu-item-type-post_type menu-item-object-page menu-item-7208\"><a href=\"https:\/\/web.unipd.it\/international\/it\/faq-mobility\/dd-fuori-europa_durante-mobilita\/\">FAQ \u2013 Doppi titoli fuori Europa \u2013 Durante la mobilit\u00e0<\/a><\/li>\n\t<li id=\"menu-item-7213\" class=\"menu-item menu-item-type-post_type menu-item-object-page menu-item-7213\"><a href=\"https:\/\/web.unipd.it\/international\/it\/faq-mobility\/dd-fuori-europa_contributi\/\">FAQ \u2013 Doppi titoli fuori Europa \u2013 Contributi<\/a><\/li>\n\t<li id=\"menu-item-7218\" class=\"menu-item menu-item-type-post_type menu-item-object-page menu-item-7218\"><a href=\"https:\/\/web.unipd.it\/international\/it\/faq-mobility\/dd-fuori-europa_al-rientro\/\">FAQ \u2013 Doppi titoli fuori Europa \u2013 Al rientro<\/a><\/li>\n<\/ul>\n<\/li>\n<li id=\"menu-item-7223\" class=\"menu-item menu-item-type-post_type menu-item-object-page menu-item-7223\"><a href=\"https:\/\/web.unipd.it\/international\/it\/faq-mobility\/bip\/\">FAQ \u2013 Blended Intensive Programmes (BIP)<\/a><\/li>\n<\/ul><\/div>    <\/div>\n    <!-- \/module menu -->\n\n\t        <\/div>\n\t    \t<\/div>\n\t\t<div  class=\"module_column tb-column col2-1 last tb_7197_column module_column_1 module_column_7197-0-1 tb_8d03323\" style=\"width: 70%\" >\n\t    \t    \t        <div class=\"tb-column-inner\">\n\t\t    \n\n<!-- module text -->\n<div  class=\"module module-text text-7197-0-1-0     tb_pmn5230\">\n        <div  class=\"tb_text_wrap\">\n    <h3 style=\"text-align: center;\">Doppi titoli in Europa<\/h3>\n<p style=\"text-align: center;\">Contributi<\/p>    <\/div>\n<\/div>\n<!-- \/module text -->\n\n\n\n    <!-- module buttons -->\n    <div  class=\"module module-buttons buttons-7197-0-1-1   normal outline rounded tb-align-center tb_re8p333\">\n        \t<div class=\"module-buttons\">\n                            <div class=\"module-buttons-item  buttons-horizontal\">\n\t\t    \t\t\t<a href=\"#borsastudio\" class=\"ui builder_button red\" >\n\t\t    \t\t    \t\t\t<span>Borsa di studio<\/span>\n\t\t    \t\t    \t\t\t<\/a>\n\t\t                    <\/div>\n                            <div class=\"module-buttons-item  buttons-horizontal\">\n\t\t    \t\t\t<a href=\"#Contributiintegrativi\" class=\"ui builder_button red\" >\n\t\t    \t\t    \t\t\t<span>Contributi integrativi<\/span>\n\t\t    \t\t    \t\t\t<\/a>\n\t\t                    <\/div>\n                            <div class=\"module-buttons-item  buttons-horizontal\">\n\t\t    \t\t\t<a href=\"#speseviaggio\" class=\"ui builder_button red\" >\n\t\t    \t\t    \t\t\t<span>Spese di viaggio<\/span>\n\t\t    \t\t    \t\t\t<\/a>\n\t\t                    <\/div>\n                    <\/div>\n    <\/div>\n    <!-- \/module buttons -->\n\n\n\n<!-- module text -->\n<div  class=\"module module-text text-7197-0-1-2     tb_krpp099\">\n        <div  class=\"tb_text_wrap\">\n    <p><a name=\"borsastudio\"><\/a><\/p>\n<h3 style=\"text-align: left;\">Borsa di studio<\/h3>\n    <\/div>\n<\/div>\n<!-- \/module text -->\n\n\n\n    <!-- module accordion -->\n    <div  class=\"module module-accordion accordion-7197-0-1-3   tb_4le7333\" data-behavior=\"toggle\" id=\"procedure\">\n        \n        <ul class=\"ui module-accordion plus-icon-button  \">\n                            <li aria-expanded=\"false\">\n                    <div class=\"accordion-title\">\n                        <a href=\"#\">\n                                                        \t\t\t    <span class=\"tb_title_accordion\">Di che tipo di borsa sar\u00e0 possibile usufruire?<\/span>\n                        <\/a>\n                    <\/div>\n                    <div class=\"accordion-content clearfix  default-closed\">\n                        \t\t\t    <div  class=\"tb_text_wrap\">\n\t\t\t\t<p>Per i Doppi Titoli in Europa si pu\u00f2 usufruire di una borsa di Ateneo in base allo specifico programma di Doppio Titolo, tranne per gli studenti &#8220;zero grant&#8221;.<\/p>\n<p>Per maggiori informazioni \u00e8 possibile compilare il <a href=\"https:\/\/web.unipd.it\/international\/it\/contact-form-doppi-titoli\/\"><strong>contact form<\/strong><\/a>.<\/p>\t\t\t    <\/div>\n                                                \n                    <\/div>\n                <\/li>\n                            <li aria-expanded=\"false\">\n                    <div class=\"accordion-title\">\n                        <a href=\"#\">\n                                                        \t\t\t    <span class=\"tb_title_accordion\">Quando si ricever\u00e0 l'anticipo della borsa?<\/span>\n                        <\/a>\n                    <\/div>\n                    <div class=\"accordion-content clearfix  default-closed\">\n                        \t\t\t    <div  class=\"tb_text_wrap\">\n\t\t\t\t<p>Dopo l\u2019arrivo all\u2019universit\u00e0 partner,<strong> entro indicativamente 60 gg dall\u2019upload dei documenti corretti di inizio mobilit\u00e0, si ricever\u00e0<\/strong> il 70% della borsa.\u00a0<\/p>\t\t\t    <\/div>\n                                                \n                    <\/div>\n                <\/li>\n                            <li aria-expanded=\"false\">\n                    <div class=\"accordion-title\">\n                        <a href=\"#\">\n                                                        \t\t\t    <span class=\"tb_title_accordion\">Quando si ricever\u00e0 il saldo? <\/span>\n                        <\/a>\n                    <\/div>\n                    <div class=\"accordion-content clearfix  default-closed\">\n                        \t\t\t    <div  class=\"tb_text_wrap\">\n\t\t\t\t<p>Dopo la chiusura della pratica di mobilit\u00e0, gli studenti riceveranno:<\/p>\n<ul>\n<li>il saldo delle eventuali integrazioni: tra aprile e dicembre (solo dopo la registrazione del riconoscimento delle attivit\u00e0 svolte all&#8217;estero su Uniweb)<\/li>\n<li>il saldo dell&#8217;eventuale borsa di Ateneo: tra luglio e ottobre.<\/li>\n<\/ul>\n<p>I contributi sono finanziati da diverse tipologie di fondi, pertanto \u00e8 possibile che si ricevano pi\u00f9 bonifici.<\/p>\t\t\t    <\/div>\n                                                \n                    <\/div>\n                <\/li>\n                    <\/ul>\n\n    <\/div>\n    <!-- \/module accordion -->\n\n\n\n<!-- module text -->\n<div  class=\"module module-text text-7197-0-1-4     tb_rpke230\">\n        <div  class=\"tb_text_wrap\">\n    <p><a name=\"contributiintegrativi\"><\/a><\/p>\n<h3 style=\"text-align: left;\">Contributi integrativi<\/h3>\n    <\/div>\n<\/div>\n<!-- \/module text -->\n\n\n\n    <!-- module accordion -->\n    <div  class=\"module module-accordion accordion-7197-0-1-5   tb_4giv021\" data-behavior=\"accordion\" id=\"uniweb\">\n        \n        <ul class=\"ui module-accordion plus-icon-button  \">\n                            <li aria-expanded=\"false\">\n                    <div class=\"accordion-title\">\n                        <a href=\"#\">\n                                                        \t\t\t    <span class=\"tb_title_accordion\">Qual \u00e8 la procedura di richiesta dei contributi integrativi?<\/span>\n                        <\/a>\n                    <\/div>\n                    <div class=\"accordion-content clearfix  default-closed\">\n                        \t\t\t    <div  class=\"tb_text_wrap\">\n\t\t\t\t<p>Per richiedere i contributi integrativi \u00e8 necessario:<\/p>\n<ul>\n<li><strong>richiedere il rilascio dell\u2019attestazione ISEE<\/strong>\u00a0<\/li>\n<li><strong>compilare e confermare la \u201cRichiesta di agevolazioni\u201d in Uniweb entro il 9 agosto<br \/><\/strong><\/li>\n<\/ul>\n<p>Per maggiori informazioni: <a href=\"https:\/\/www.unipd.it\/durata-mobilita-contributi\">https:\/\/www.unipd.it\/durata-mobilita-contributi\u00a0<\/a><\/p>\t\t\t    <\/div>\n                                                \n                    <\/div>\n                <\/li>\n                            <li aria-expanded=\"false\">\n                    <div class=\"accordion-title\">\n                        <a href=\"#\">\n                                                        \t\t\t    <span class=\"tb_title_accordion\">Quando verr\u00e0 pubblicata la lista degli studenti idonei ai contributi integrativi?<\/span>\n                        <\/a>\n                    <\/div>\n                    <div class=\"accordion-content clearfix  default-closed\">\n                        \t\t\t    <div  class=\"tb_text_wrap\">\n\t\t\t\t<p>La lista degli studenti idonei ai contributi integrativi verr\u00e0 pubblicata indicativamente a novembre\/dicembre nella pagine web dedicata:\u00a0<a href=\"https:\/\/www.unipd.it\/durata-mobilita-contributi\">www.unipd.it\/durata-mobilita-contributi<\/a><\/p>\n<p>I pagamenti per l\u2019anticipo dei contributi integrativi partiranno dopo la pubblicazione della lista degli studenti idonei<\/p>\t\t\t    <\/div>\n                                                \n                    <\/div>\n                <\/li>\n                            <li aria-expanded=\"false\">\n                    <div class=\"accordion-title\">\n                        <a href=\"#\">\n                                                        \t\t\t    <span class=\"tb_title_accordion\">Quanto si ricever\u00e0 l'anticipo di contributi integrativi?<\/span>\n                        <\/a>\n                    <\/div>\n                    <div class=\"accordion-content clearfix  default-closed\">\n                        \t\t\t    <div  class=\"tb_text_wrap\">\n\t\t\t\t<p>L\u2019anticipo dei contributi integrativi sar\u00e0 evaso dopo la pubblicazione della lista degli studenti idonei. La lista sar\u00e0 pubblicata indicativamente tra novembre e dicembre sul sito web dedicato\u00a0<a href=\"https:\/\/www.unipd.it\/durata-mobilita-contributi\">www.unipd.it\/durata-mobilita-contributi<\/a><\/p>\t\t\t    <\/div>\n                                                \n                    <\/div>\n                <\/li>\n                            <li aria-expanded=\"false\">\n                    <div class=\"accordion-title\">\n                        <a href=\"#\">\n                                                        \t\t\t    <span class=\"tb_title_accordion\">Come si pu\u00f2 sapere se si risulta idonei per il saldo dei contributi integrativi per merito? <\/span>\n                        <\/a>\n                    <\/div>\n                    <div class=\"accordion-content clearfix  default-closed\">\n                        \t\t\t    <div  class=\"tb_text_wrap\">\n\t\t\t\t<p>La lista degli studenti idonei per merito sar\u00e0 fornita dall\u2019Ufficio Servizi agli studenti \u2013 Benefici economici in basata sui requisiti e le regole applicati per la borsa regionale.<\/p>\t\t\t    <\/div>\n                                                \n                    <\/div>\n                <\/li>\n                    <\/ul>\n\n    <\/div>\n    <!-- \/module accordion -->\n\n\n\n<!-- module text -->\n<div  class=\"module module-text text-7197-0-1-6     tb_bqb6600\">\n        <div  class=\"tb_text_wrap\">\n    <p><a name=\"speseviaggio\"><\/a><\/p>\n<h3 style=\"text-align: left;\">Spese di viaggio<\/h3>\n    <\/div>\n<\/div>\n<!-- \/module text -->\n\n\n\n    <!-- module accordion -->\n    <div  class=\"module module-accordion accordion-7197-0-1-7   tb_7dfs530\" data-behavior=\"accordion\" id=\"documents\">\n        \n        <ul class=\"ui module-accordion plus-icon-button  \">\n                            <li aria-expanded=\"false\">\n                    <div class=\"accordion-title\">\n                        <a href=\"#\">\n                                                        \t\t\t    <span class=\"tb_title_accordion\">Bisogna richiedere il rimborso delle spese di viaggio? Come?<\/span>\n                        <\/a>\n                    <\/div>\n                    <div class=\"accordion-content clearfix  default-closed\">\n                        \t\t\t    <div  class=\"tb_text_wrap\">\n\t\t\t\t<p>Il rimborso delle spese forfettarie di viaggio \u00e8 assegnato allo studente con la vincita e l\u2019accettazione del posto di mobilit\u00e0. Non \u00e8 necessario farne richiesta e non \u00e8 necessario inviare i titoli di viaggio.<\/p>\t\t\t    <\/div>\n                                                \n                    <\/div>\n                <\/li>\n                            <li aria-expanded=\"false\">\n                    <div class=\"accordion-title\">\n                        <a href=\"#\">\n                                                        \t\t\t    <span class=\"tb_title_accordion\">Quanto \u00e8 l'ammontare delle spese di viaggio?<\/span>\n                        <\/a>\n                    <\/div>\n                    <div class=\"accordion-content clearfix  default-closed\">\n                        \t\t\t    <div  class=\"tb_text_wrap\">\n\t\t\t\t<p>L\u2019ammontare dei\u00a0 contributi alle spese di viaggio \u00e8 forfettario e basato sul Paese di destinazione e l\u2019importo \u00e8 prefissato.<\/p>\n<p>Per maggiori informazioni\u00a0<a href=\"https:\/\/www.unipd.it\/durata-mobilita-contributi\">www.unipd.it\/durata-mobilita-contributi<\/a><\/p>\t\t\t    <\/div>\n                                                \n                    <\/div>\n                <\/li>\n                    <\/ul>\n\n    <\/div>\n    <!-- \/module accordion -->\n\n\t        <\/div>\n\t    \t<\/div>\n\t\t    <\/div>\n\t    <!-- \/row_inner -->\n\t<\/div>\n\t<!-- \/module_row -->\n\t\t<!-- module_row -->\n\t<div  class=\"themify_builder_row module_row clearfix module_row_1 themify_builder_7197_row module_row_7197-1 tb_gnjb260\">\n\t    \t    <div class=\"row_inner col_align_top\" >\n\t\t\t<div  class=\"module_column tb-column col-full first tb_7197_column module_column_0 module_column_7197-1-0 tb_s5r8022\" >\n\t    \t    \t        <div class=\"tb-column-inner\">\n\t\t    \n\n    <!-- module divider -->\n    <div  class=\"module module-divider divider-7197-1-0-0 dashed     tb_7t11292\" style=\"border-width: 1px;border-color: #000000;\">\n            <\/div>\n    <!-- \/module divider -->\n\n\t        <\/div>\n\t    \t<\/div>\n\t\t    <\/div>\n\t    <!-- \/row_inner -->\n\t<\/div>\n\t<!-- \/module_row -->\n\t\t<!-- module_row -->\n\t<div  class=\"themify_builder_row module_row clearfix module_row_2 themify_builder_7197_row module_row_7197-2 tb_40kt303\">\n\t    \t    <div class=\"row_inner col_align_top\" >\n\t\t\t<div  class=\"module_column tb-column col-full first tb_7197_column module_column_0 module_column_7197-2-0 tb_rhys022\" >\n\t    \t    \t<\/div>\n\t\t    <\/div>\n\t    <!-- \/row_inner -->\n\t<\/div>\n\t<!-- \/module_row -->\n\t<\/div>\n<p>&nbsp;<\/p>\n","protected":false},"excerpt":{"rendered":"<p>&lt; HOME FAQ \u2013 Erasmus+ Study and SEMP FAQ \u2013 Erasmus+ Studio e SEMP \u2013 Application FAQ \u2013 Erasmus+ Studio e SEMP \u2013 Before the Mobility FAQ \u2013 Erasmus+ Studio e SEMP \u2013 During the Mobility FAQ \u2013 Erasmus+ Studio e SEMP \u2013 After the Mobility FAQ \u2013 Erasmus+ Studio e SEMP \u2013 Contributions FAQ [&hellip;]<\/p>\n","protected":false},"author":38,"featured_media":0,"parent":7227,"menu_order":0,"comment_status":"closed","ping_status":"closed","template":"","meta":{"footnotes":""},"class_list":["post-7197","page","type-page","status-publish","hentry","has-post-title","has-post-date","has-post-category","has-post-tag","has-post-comment","has-post-author",""],"jetpack_sharing_enabled":true,"_links":{"self":[{"href":"https:\/\/web.unipd.it\/international\/it\/wp-json\/wp\/v2\/pages\/7197","targetHints":{"allow":["GET"]}}],"collection":[{"href":"https:\/\/web.unipd.it\/international\/it\/wp-json\/wp\/v2\/pages"}],"about":[{"href":"https:\/\/web.unipd.it\/international\/it\/wp-json\/wp\/v2\/types\/page"}],"author":[{"embeddable":true,"href":"https:\/\/web.unipd.it\/international\/it\/wp-json\/wp\/v2\/users\/38"}],"replies":[{"embeddable":true,"href":"https:\/\/web.unipd.it\/international\/it\/wp-json\/wp\/v2\/comments?post=7197"}],"version-history":[{"count":14,"href":"https:\/\/web.unipd.it\/international\/it\/wp-json\/wp\/v2\/pages\/7197\/revisions"}],"predecessor-version":[{"id":8727,"href":"https:\/\/web.unipd.it\/international\/it\/wp-json\/wp\/v2\/pages\/7197\/revisions\/8727"}],"up":[{"embeddable":true,"href":"https:\/\/web.unipd.it\/international\/it\/wp-json\/wp\/v2\/pages\/7227"}],"wp:attachment":[{"href":"https:\/\/web.unipd.it\/international\/it\/wp-json\/wp\/v2\/media?parent=7197"}],"curies":[{"name":"wp","href":"https:\/\/api.w.org\/{rel}","templated":true}]}}