{"id":11114,"date":"2025-05-06T13:51:53","date_gmt":"2025-05-06T11:51:53","guid":{"rendered":"https:\/\/web.unipd.it\/international\/orientamento-3-2-2\/"},"modified":"2026-05-06T10:45:53","modified_gmt":"2026-05-06T08:45:53","slug":"orientamento-3-2-2","status":"publish","type":"page","link":"https:\/\/web.unipd.it\/international\/it\/orientamento-3-2-2\/","title":{"rendered":"Long term mobility for a deeply immersive experience"},"content":{"rendered":"<div id=\"themify_builder_content-11114\" data-postid=\"11114\" class=\"themify_builder_content themify_builder_content-11114 themify_builder\">\n    \t<!-- module_row -->\n\t<div  class=\"themify_builder_row module_row clearfix module_row_0 themify_builder_11114_row module_row_11114-0 tb_rt5a272\">\n\t    \t    <div class=\"row_inner col_align_top\" >\n\t\t\t<div  class=\"module_column tb-column col-full first tb_11114_column module_column_0 module_column_11114-0-0 tb_fe5f274\" >\n\t    \t    \t        <div class=\"tb-column-inner\">\n\t\t    \n\n    <!-- module menu -->\n    <div  class=\"module module-menu menu-11114-0-0-0   tb_b3lh373 mobile-menu-slide tb-align-right\" data-menu-style=\"mobile-menu-slide\" data-element-id=\"tb_b3lh373\">\n        \n        <div class=\"module-menu-container tb-align-right\"><ul id=\"menu-lang-menu-it\" class=\"ui nav fullwidth transparent \"><li id=\"menu-item-wpml-ls-28-it\" class=\"menu-item wpml-ls-slot-28 wpml-ls-item wpml-ls-item-it wpml-ls-current-language wpml-ls-menu-item wpml-ls-last-item menu-item-type-wpml_ls_menu_item menu-item-object-wpml_ls_menu_item menu-item-has-children menu-item-wpml-ls-28-it\"><a href=\"https:\/\/web.unipd.it\/international\/it\/\" role=\"menuitem\"><img data-recalc-dims=\"1\" decoding=\"async\"\n            class=\"wpml-ls-flag\"\n            src=\"https:\/\/i0.wp.com\/web.unipd.it\/international\/wp-content\/plugins\/sitepress-multilingual-cms\/res\/flags\/it.png?w=1165&#038;ssl=1\"\n            alt=\"\"\n            \n            \n    \/><span class=\"wpml-ls-native\" lang=\"it\">Italiano<\/span><\/a>\n<ul class=\"sub-menu\">\n\t<li id=\"menu-item-wpml-ls-28-en\" class=\"menu-item wpml-ls-slot-28 wpml-ls-item wpml-ls-item-en wpml-ls-menu-item wpml-ls-first-item menu-item-type-wpml_ls_menu_item menu-item-object-wpml_ls_menu_item menu-item-wpml-ls-28-en\"><a href=\"https:\/\/web.unipd.it\/international\/\" title=\"Passa a English\" aria-label=\"Passa a English\" role=\"menuitem\"><img data-recalc-dims=\"1\" decoding=\"async\"\n            class=\"wpml-ls-flag\"\n            src=\"https:\/\/i0.wp.com\/web.unipd.it\/international\/wp-content\/plugins\/sitepress-multilingual-cms\/res\/flags\/en.png?w=1165&#038;ssl=1\"\n            alt=\"\"\n            \n            \n    \/><span class=\"wpml-ls-native\" lang=\"en\">English<\/span><\/a><\/li>\n<\/ul>\n<\/li>\n<\/ul><\/div>    <\/div>\n    <!-- \/module menu -->\n\n\n\n<!-- module text -->\n<div  class=\"module module-text text-11114-0-0-1     tb_po6v274\">\n        <div  class=\"tb_text_wrap\">\n    <p><a href=\"https:\/\/web.unipd.it\/international\/faq-mobility\/\"><strong>< HOME MOBILITY<\/strong><\/a><\/p>    <\/div>\n<\/div>\n<!-- \/module text -->\n\n\n\n<!-- module text -->\n<div  class=\"module module-text text-11114-0-0-2  repeat   tb_j52h275\">\n        <div  class=\"tb_text_wrap\">\n    <div>\n<div>\n<div>\n<h1 style=\"text-align: center;\">Mobilit\u00e0 a lungo termine per un&#8217;esperienza immersiva<\/h1>\n<\/div>\n<\/div>\n<\/div>    <\/div>\n<\/div>\n<!-- \/module text -->\n\n\n\n    <!-- module box -->\n    <div  class=\"module module-box box-11114-0-0-3   tb_tz5i981\">\n                <div class=\"module-box-content ui   repeat\">\n\t    <div class=\"tb_text_wrap\"><p><span style=\"font-weight: 400;\">I programmi di mobilit\u00e0 a lungo termine offrono un\u2019opportunit\u00e0 unica agli studenti per immergersi in un ambiente accademico culturale e sociale diverso per un periodo lungo, per un semestre o pi\u00f9. Questi programmi promuovono un\u2019integrazione pi\u00f9 profonda agli istituti ospitanti, migliorando le competenze linguistiche, l\u2019adattabilit\u00e0 e la consapevolezza globale.<\/span><\/div>\n        <\/div>\n    <\/div>\n    <!-- \/module box -->\n\n\t        <\/div>\n\t    \t<\/div>\n\t\t    <\/div>\n\t    <!-- \/row_inner -->\n\t<\/div>\n\t<!-- \/module_row -->\n\t\t<!-- module_row -->\n\t<div  class=\"themify_builder_row module_row clearfix module_row_1 themify_builder_11114_row module_row_11114-1 tb_7bk9783\">\n\t    \t    <div class=\"row_inner col_align_top\" >\n\t\t\t<div  class=\"module_column tb-column col-full first tb_11114_column module_column_0 module_column_11114-1-0 tb_a9cq661\" >\n\t    \t    \t        <div class=\"tb-column-inner\">\n\t\t    \n\n    <!-- module box -->\n    <div  class=\"module module-box box-11114-1-0-0   tb_gbys222\">\n                <div class=\"module-box-content ui   \">\n\t    <div class=\"tb_text_wrap\"><h4><a href=\"https:\/\/www.unipd.it\/servizi\/esperienze-internazionali\/studiare-allestero\/erasmus-studio\"><strong>Erasmus+ Studio<\/strong><\/a><\/h4>\n<p>Trascorri un periodo di studio (tra 2 e 12 mesi) in una delle 500 Universit\u00e0 europee partecipanti al programma (o anche in paesi non-europei). \u00c8 possibile effettuare la mobilit\u00e0 in ogni ciclo di studio, frequentare corsi e sostenere esami, preparare la tesi e svolgere un tirocinio purch\u00e9 ci\u00f2 avvenga<br \/>parallelamente a un periodo di studio.<\/p>\n<p><a href=\"https:\/\/www.unipd.it\/servizi\/esperienze-internazionali\/studiare-allestero\/erasmus-studio\">Per maggiori informazioni<\/a><\/p><\/div>\n        <\/div>\n    <\/div>\n    <!-- \/module box -->\n\n\n\n    <!-- module box -->\n    <div  class=\"module module-box box-11114-1-0-1   tb_g5a931\">\n                <div class=\"module-box-content ui   \">\n\t    <div class=\"tb_text_wrap\"><h4><a href=\"https:\/\/www.unipd.it\/semp\"><strong>SEMP\u00a0<\/strong><\/a><\/h4>\n<p>La<b> Svizzera <\/b>come alternativa alle mobilit\u00e0 Erasmus+. Approfitta degli stessi vantaggi accademici e dello stesso sostegno finanziario (erogato dal Governo svizzero) mentre studi in uno dei paesi pi\u00f9 innovativi d\u2019Europa.<\/p>\n<p><a href=\"https:\/\/www.unipd.it\/semp\">Per maggiori informazioni<\/a><\/p><\/div>\n        <\/div>\n    <\/div>\n    <!-- \/module box -->\n\n\n\n    <!-- module box -->\n    <div  class=\"module module-box box-11114-1-0-2   tb_frlb245\">\n                <div class=\"module-box-content ui   \">\n\t    <div class=\"tb_text_wrap\"><h4><a href=\"https:\/\/www.unipd.it\/ulisse\"><strong>Programma Ulisse<\/strong><\/a><\/h4>\n<p>L&#8217;Universit\u00e0 di Padova <strong>promuove la mobilit\u00e0 degli studenti verso Paesi extraeuropei<\/strong> nell&#8217;ambito degli accordi di mobilit\u00e0 stipulati con universit\u00e0 selezionate. Il Programma Ulisse consente agli studenti di trascorrere un periodo di studio, di ricerca per la tesi o di tirocinio all&#8217;estero presso universit\u00e0 partner situate in diversi continenti (<strong>Americhe, Asia, Australia, Africa<\/strong>).<\/p>\n<p><a href=\"https:\/\/www.unipd.it\/ulisse\">Per maggiori informazioni<\/a><\/p><\/div>\n        <\/div>\n    <\/div>\n    <!-- \/module box -->\n\n\n\n    <!-- module box -->\n    <div  class=\"module module-box box-11114-1-0-3   tb_j07r573\">\n                <div class=\"module-box-content ui   \">\n\t    <div class=\"tb_text_wrap\"><h4><a href=\"https:\/\/www.unipd.it\/global-intensives\"><strong>Global intensive (Blended and virtual)<\/strong><\/a><\/h4>\n<p>Partecipa a uno dei programmi intensivi, misti e\/o virtuali promossi dall&#8217;Universit\u00e0 di Padova e organizzati nell&#8217;ambito di partnership strategiche, consorzi o progetti di cooperazione internazionale con l&#8217;obiettivo di promuovere <strong>l&#8217;internazionalizzazione del percorso formativo, anche da casa<\/strong>.<\/p>\n<p><a href=\"https:\/\/www.unipd.it\/global-intensives\">Per maggiori informazioni<\/a><\/p><\/div>\n        <\/div>\n    <\/div>\n    <!-- \/module box -->\n\n\n\n    <!-- module box -->\n    <div  class=\"module module-box box-11114-1-0-4   tb_5kdq188\">\n                <div class=\"module-box-content ui   \">\n\t    <div class=\"tb_text_wrap\"><h4><a href=\"https:\/\/www.unipd.it\/double-degree-joint-degree\"><strong>Programmi di doppio titolo e joint degree<\/strong><\/a><\/h4>\n<p>L&#8217;Universit\u00e0 di Padova promuove corsi di laurea congiunti o a doppio titolo e garantisce borse di studio ad-hoc agli studenti partecipanti. Tali corsi di laurea internazionali sono organizzati in collaborazione con una o pi\u00f9 istituzioni partner. \u00c8 previsto un periodo di mobilit\u00e0 presso l&#8217;universit\u00e0 partner prima o dopo la frequenza di un corso di laurea presso l&#8217;Universit\u00e0 di Padova.<\/p>\n<p><a href=\"https:\/\/www.unipd.it\/double-degree-joint-degree\">Per maggiori informazioni<\/a><\/p><\/div>\n        <\/div>\n    <\/div>\n    <!-- \/module box -->\n\n\n\n    <!-- module box -->\n    <div  class=\"module module-box box-11114-1-0-5   tb_m48p829\">\n                <div class=\"module-box-content ui   \">\n\t    <div class=\"tb_text_wrap\"><h4><a href=\"https:\/\/www.unipd.it\/mobility-window\"><strong>Mobility window<\/strong><\/a><\/h4>\n<p>Il mobility window \u00e8 un periodo strutturato all&#8217;interno di un percorso di studi e rappresenta un arco di tempo specifico, spesso un semestre, durante il quale gli studenti hanno l&#8217;opportunit\u00e0 di studiare all&#8217;estero presso un&#8217;universit\u00e0 partner.<\/p>\n<p>Gli accordi relativi alle mobility window differiscono dagli scambi Erasmus standard in quanto sono mirati a uno o pi\u00f9 corsi di laurea specifici, con obiettivi formativi chiaramente definiti. Queste mobilit\u00e0 possono prevedere un piano di studi prestabilito concordato prima della partenza, oppure un piano pi\u00f9 flessibile che consenta agli studenti di scegliere alcuni o tutti i corsi che desiderano frequentare.<\/p>\n<p><a href=\"https:\/\/www.unipd.it\/mobility-window\">Per maggiori informazioni<\/a><\/p><\/div>\n        <\/div>\n    <\/div>\n    <!-- \/module box -->\n\n\t        <\/div>\n\t    \t<\/div>\n\t\t    <\/div>\n\t    <!-- \/row_inner -->\n\t<\/div>\n\t<!-- \/module_row -->\n\t\t<!-- module_row -->\n\t<div  class=\"themify_builder_row module_row clearfix module_row_3 themify_builder_11114_row module_row_11114-3 tb_ghsg413\">\n\t    \t    <div class=\"row_inner col_align_top\" >\n\t\t\t<div  class=\"module_column tb-column col-full first tb_11114_column module_column_0 module_column_11114-3-0 tb_5v74414\" >\n\t    \t    \t        <div class=\"tb-column-inner\">\n\t\t    \n\n    <!-- module image -->\n    <div  class=\"module module-image image-11114-3-0-0  image-center   tb_l8it686\">\n                <div class=\"image-wrap\">\n                            <img data-recalc-dims=\"1\" loading=\"lazy\" decoding=\"async\" src=\"https:\/\/i0.wp.com\/web.unipd.it\/international\/wp-content\/uploads\/2025\/04\/AdobeStock_97869401_11-1024x686.jpeg?resize=950%2C350&#038;ssl=1\" width=\"950\" height=\"350\" class=\" wp-post-image wp-image-9875\" alt=\"AdobeStock_97869401_(1)[1]\" srcset=\"https:\/\/i0.wp.com\/web.unipd.it\/international\/wp-content\/uploads\/2025\/04\/AdobeStock_97869401_11-scaled.jpeg?resize=950%2C350&amp;ssl=1 950w, https:\/\/i0.wp.com\/web.unipd.it\/international\/wp-content\/uploads\/2025\/04\/AdobeStock_97869401_11-scaled.jpeg?zoom=2&amp;resize=950%2C350&amp;ssl=1 1900w\" sizes=\"auto, (max-width: 950px) 100vw, 950px\" \/>            \n                        <\/div>\n            <!-- \/image-wrap -->\n        \n        \n        <\/div>\n    <!-- \/module image -->\n\n\t        <\/div>\n\t    \t<\/div>\n\t\t    <\/div>\n\t    <!-- \/row_inner -->\n\t<\/div>\n\t<!-- \/module_row -->\n\t<\/div>\n","protected":false},"excerpt":{"rendered":"<p>#341 (no title) Admissions and Welcome Unit Admitted student Applicant Ask UNIPD &#8211; events Contact form Erasmus Contact form Erasmus Contact form mobility Contact form Ulisse Enrolment desk for international students Events Campus Tour Campus Tour &#8211; Agricultural Campus Tour &#8211; Economics and Political Sciences Campus Tour &#8211; Engineering Campus Tour &#8211; Humanities Campus Tour [&hellip;]<\/p>\n","protected":false},"author":38,"featured_media":0,"parent":0,"menu_order":0,"comment_status":"closed","ping_status":"closed","template":"","meta":{"footnotes":""},"class_list":["post-11114","page","type-page","status-publish","hentry","has-post-title","has-post-date","has-post-category","has-post-tag","has-post-comment","has-post-author",""],"jetpack_sharing_enabled":true,"_links":{"self":[{"href":"https:\/\/web.unipd.it\/international\/it\/wp-json\/wp\/v2\/pages\/11114","targetHints":{"allow":["GET"]}}],"collection":[{"href":"https:\/\/web.unipd.it\/international\/it\/wp-json\/wp\/v2\/pages"}],"about":[{"href":"https:\/\/web.unipd.it\/international\/it\/wp-json\/wp\/v2\/types\/page"}],"author":[{"embeddable":true,"href":"https:\/\/web.unipd.it\/international\/it\/wp-json\/wp\/v2\/users\/38"}],"replies":[{"embeddable":true,"href":"https:\/\/web.unipd.it\/international\/it\/wp-json\/wp\/v2\/comments?post=11114"}],"version-history":[{"count":18,"href":"https:\/\/web.unipd.it\/international\/it\/wp-json\/wp\/v2\/pages\/11114\/revisions"}],"predecessor-version":[{"id":11546,"href":"https:\/\/web.unipd.it\/international\/it\/wp-json\/wp\/v2\/pages\/11114\/revisions\/11546"}],"wp:attachment":[{"href":"https:\/\/web.unipd.it\/international\/it\/wp-json\/wp\/v2\/media?parent=11114"}],"curies":[{"name":"wp","href":"https:\/\/api.w.org\/{rel}","templated":true}]}}